{"id":88,"date":"2012-08-01T10:07:38","date_gmt":"2012-08-01T08:07:38","guid":{"rendered":"http:\/\/sv-waldkirch-tischtennis.de\/?page_id=88"},"modified":"2024-10-13T10:48:56","modified_gmt":"2024-10-13T08:48:56","slug":"training","status":"publish","type":"page","link":"https:\/\/sv-waldkirch-tischtennis.de\/?page_id=88","title":{"rendered":"Training"},"content":{"rendered":"\n<table id=\"tablepress-1\" class=\"tablepress tablepress-id-1\">\n<thead>\n<tr class=\"row-1\">\n\t<td class=\"column-1\"><\/td><th class=\"column-2\">Montag<\/th><th class=\"column-3\">Donnerstag<\/th>\n<\/tr>\n<\/thead>\n<tbody class=\"row-striping row-hover\">\n<tr class=\"row-2\">\n\t<td class=\"column-1\">Erwachsene<\/td><td class=\"column-2\">(1) 18:00 - 22:00<br \/>\nAnsprechpartner: Christoph Winterhalter<\/td><td class=\"column-3\">(2) 19:30 - 22:00<br \/>\nAnsprechpartner: Christoph Winterhalter<\/td>\n<\/tr>\n<tr class=\"row-3\">\n\t<td class=\"column-1\">Jugendliche<\/td><td class=\"column-2\"><\/td><td class=\"column-3\">(2) 18:00 - 19:30<br \/>\nAnsprechpartner: Maximilian Ruf<\/td>\n<\/tr>\n<\/tbody>\n<\/table>\n<!-- #tablepress-1 from cache -->\n<p>(1) Kastelbergschule, Gymnastikraum (&#8222;Hasenstall&#8220;) (<a href=\"http:\/\/maps.google.de\/maps?q=kastelbergschule&amp;hl=de&amp;sll=51.412912,3.779297&amp;sspn=7.882378,19.753418&amp;t=h&amp;hq=kastelbergschule&amp;z=17\">Lageplan<\/a>)<br \/>\n(2) Kastelberghalle, Hallenteil 3 (<a href=\"http:\/\/maps.google.de\/maps?q=Kastelberghalle,+Freiburger+Stra%C3%9Fe,+Waldkirch&amp;hl=de&amp;ie=UTF8&amp;sll=48.661847,9.003665&amp;sspn=5.972434,9.876709&amp;oq=kastelberghalle&amp;hq=Kastelberghalle,&amp;hnear=Freiburger+Stra%C3%9Fe,+79183+Waldkirch,+Baden-W%C3%BCrttemberg&amp;t=h&amp;z=16\">Lageplan<\/a>)<\/p>\n<p>Achtung: Montags k\u00f6nnen Verbandsspiele w\u00e4hrend der Wettkampfsaison stattfinden:<br \/>\nUnbedingt vorab hier pr\u00fcfen: <a href=\"https:\/\/sv-waldkirch-tischtennis.de\/?page_id=1373\">Letzte &amp; n\u00e4chste Spiele<\/a><\/p>\n","protected":false},"excerpt":{"rendered":"<p>(1) Kastelbergschule, Gymnastikraum (&#8222;Hasenstall&#8220;) (Lageplan) (2) Kastelberghalle, Hallenteil 3 (Lageplan) Achtung: Montags k\u00f6nnen Verbandsspiele w\u00e4hrend der Wettkampfsaison stattfinden: Unbedingt vorab hier pr\u00fcfen: Letzte &amp; n\u00e4chste Spiele<\/p>\n","protected":false},"author":1,"featured_media":0,"parent":14,"menu_order":3,"comment_status":"closed","ping_status":"closed","template":"","meta":{"footnotes":""},"class_list":["post-88","page","type-page","status-publish","hentry"],"_links":{"self":[{"href":"https:\/\/sv-waldkirch-tischtennis.de\/index.php?rest_route=\/wp\/v2\/pages\/88","targetHints":{"allow":["GET"]}}],"collection":[{"href":"https:\/\/sv-waldkirch-tischtennis.de\/index.php?rest_route=\/wp\/v2\/pages"}],"about":[{"href":"https:\/\/sv-waldkirch-tischtennis.de\/index.php?rest_route=\/wp\/v2\/types\/page"}],"author":[{"embeddable":true,"href":"https:\/\/sv-waldkirch-tischtennis.de\/index.php?rest_route=\/wp\/v2\/users\/1"}],"replies":[{"embeddable":true,"href":"https:\/\/sv-waldkirch-tischtennis.de\/index.php?rest_route=%2Fwp%2Fv2%2Fcomments&post=88"}],"version-history":[{"count":30,"href":"https:\/\/sv-waldkirch-tischtennis.de\/index.php?rest_route=\/wp\/v2\/pages\/88\/revisions"}],"predecessor-version":[{"id":6150,"href":"https:\/\/sv-waldkirch-tischtennis.de\/index.php?rest_route=\/wp\/v2\/pages\/88\/revisions\/6150"}],"up":[{"embeddable":true,"href":"https:\/\/sv-waldkirch-tischtennis.de\/index.php?rest_route=\/wp\/v2\/pages\/14"}],"wp:attachment":[{"href":"https:\/\/sv-waldkirch-tischtennis.de\/index.php?rest_route=%2Fwp%2Fv2%2Fmedia&parent=88"}],"curies":[{"name":"wp","href":"https:\/\/api.w.org\/{rel}","templated":true}]}}