{"id":86,"date":"2012-08-01T10:07:21","date_gmt":"2012-08-01T08:07:21","guid":{"rendered":"http:\/\/sv-waldkirch-tischtennis.de\/?page_id=86"},"modified":"2018-08-03T16:34:24","modified_gmt":"2018-08-03T14:34:24","slug":"impressum-2","status":"publish","type":"page","link":"https:\/\/sv-waldkirch-tischtennis.de\/?page_id=86","title":{"rendered":"Impressum"},"content":{"rendered":"<p><a href=\"http:\/\/www.sv-waldkirch.de\" target=\"_blank\" rel=\"noopener\">SV Waldkirch e.V.<\/a><\/p>\n<p>Abteilungsleiter Tischtennis<br \/>\n<a href=\"mailto:c.winterhalter@svw-tt.de\">Christoph Winterhalter<\/a><\/p>\n<p>Bahnhofplatz 15<br \/>\n79183 Waldkirch<br \/>\n07681 \/ 24247<\/p>\n<p>Verantwortlicher f\u00fcr den Inhalt (gem\u00e4\u00df \u00a7 55 Abs. 2 RStV)<br \/>\n<a href=\"mailto:c.winterhalter@svw-tt.de\">Christoph Winterhalter<\/a><\/p>\n<p><strong>Haftungshinweis<\/strong><br \/>\nDie Inhalte auf diesen Webseiten wurden sorgf\u00e4ltig gepr\u00fcft. Dessen ungeachtet kann eine Haftung f\u00fcr die Richtigkeit, Vollst\u00e4ndigkeit und Aktualit\u00e4t dieser Webseiten sowie der Inhalte externer Links nicht \u00fcbernommen werden. F\u00fcr den Inhalt der verlinkten Seiten sind ausschlie\u00dflich deren Betreiber verantwortlich.<\/p>\n<p>Der Nutzung von im Rahmen der Impressumspflicht ver\u00f6ffentlichten Kontaktdaten durch Dritte zur \u00dcbersendung von nicht ausdr\u00fccklich angeforderter Werbung und Informationsmaterialien wird hiermit ausdr\u00fccklich widersprochen. Die Betreiber der Seiten behalten sich ausdr\u00fccklich rechtliche Schritte im Falle der unverlangten Zusendung von Werbeinformationen, etwa durch Spam-Mails, vor.<\/p>\n","protected":false},"excerpt":{"rendered":"<p>SV Waldkirch e.V. Abteilungsleiter Tischtennis Christoph Winterhalter Bahnhofplatz 15 79183 Waldkirch 07681 \/ 24247 Verantwortlicher f\u00fcr den Inhalt (gem\u00e4\u00df \u00a7 55 Abs. 2 RStV) Christoph Winterhalter Haftungshinweis Die Inhalte auf diesen Webseiten wurden sorgf\u00e4ltig gepr\u00fcft. Dessen ungeachtet kann eine Haftung &hellip; <a href=\"https:\/\/sv-waldkirch-tischtennis.de\/?page_id=86\">Weiterlesen <span class=\"meta-nav\">&rarr;<\/span><\/a><\/p>\n","protected":false},"author":1,"featured_media":0,"parent":261,"menu_order":2,"comment_status":"closed","ping_status":"closed","template":"","meta":{"footnotes":""},"class_list":["post-86","page","type-page","status-publish","hentry"],"_links":{"self":[{"href":"https:\/\/sv-waldkirch-tischtennis.de\/index.php?rest_route=\/wp\/v2\/pages\/86","targetHints":{"allow":["GET"]}}],"collection":[{"href":"https:\/\/sv-waldkirch-tischtennis.de\/index.php?rest_route=\/wp\/v2\/pages"}],"about":[{"href":"https:\/\/sv-waldkirch-tischtennis.de\/index.php?rest_route=\/wp\/v2\/types\/page"}],"author":[{"embeddable":true,"href":"https:\/\/sv-waldkirch-tischtennis.de\/index.php?rest_route=\/wp\/v2\/users\/1"}],"replies":[{"embeddable":true,"href":"https:\/\/sv-waldkirch-tischtennis.de\/index.php?rest_route=%2Fwp%2Fv2%2Fcomments&post=86"}],"version-history":[{"count":26,"href":"https:\/\/sv-waldkirch-tischtennis.de\/index.php?rest_route=\/wp\/v2\/pages\/86\/revisions"}],"predecessor-version":[{"id":3020,"href":"https:\/\/sv-waldkirch-tischtennis.de\/index.php?rest_route=\/wp\/v2\/pages\/86\/revisions\/3020"}],"up":[{"embeddable":true,"href":"https:\/\/sv-waldkirch-tischtennis.de\/index.php?rest_route=\/wp\/v2\/pages\/261"}],"wp:attachment":[{"href":"https:\/\/sv-waldkirch-tischtennis.de\/index.php?rest_route=%2Fwp%2Fv2%2Fmedia&parent=86"}],"curies":[{"name":"wp","href":"https:\/\/api.w.org\/{rel}","templated":true}]}}