{"id":4475,"date":"2023-05-18T09:49:22","date_gmt":"2023-05-18T07:49:22","guid":{"rendered":"https:\/\/sv-waldkirch-tischtennis.de\/?page_id=4475"},"modified":"2024-09-08T08:02:03","modified_gmt":"2024-09-08T06:02:03","slug":"einzel-vereinsmeisterschaftern-2023","status":"publish","type":"page","link":"https:\/\/sv-waldkirch-tischtennis.de\/?page_id=4475","title":{"rendered":"Einzel-Vereinsmeisterschaften 2023"},"content":{"rendered":"\n<figure class=\"wp-block-embed is-type-wp-embed is-provider-einbetten wp-block-embed-einbetten\"><div class=\"wp-block-embed__wrapper\">\n<blockquote class=\"wp-embedded-content\" data-secret=\"3yqQu3BZUJ\"><a href=\"https:\/\/sv-waldkirch-tischtennis.de\/?p=4418\">Mit Understatement und Tiefstapelei zum n\u00e4chsten Titel &#8211; Matthias Friedrich ist der diesj\u00e4hrige Vereinsmeister bei den Erwachsenen. Im Jugend U15 Wettbewerb sichert sich Quentin Karig souver\u00e4n den ersten Platz.<\/a><\/blockquote><iframe loading=\"lazy\" class=\"wp-embedded-content\" sandbox=\"allow-scripts\" security=\"restricted\" style=\"position: absolute; clip: rect(1px, 1px, 1px, 1px);\" title=\"&#8222;Mit Understatement und Tiefstapelei zum n\u00e4chsten Titel &#8211; Matthias Friedrich ist der diesj\u00e4hrige Vereinsmeister bei den Erwachsenen. Im Jugend U15 Wettbewerb sichert sich Quentin Karig souver\u00e4n den ersten Platz.&#8220; &#8212; \" src=\"https:\/\/sv-waldkirch-tischtennis.de\/?p=4418&#038;embed=true#?secret=aZzLRed7Di#?secret=3yqQu3BZUJ\" data-secret=\"3yqQu3BZUJ\" width=\"584\" height=\"329\" frameborder=\"0\" marginwidth=\"0\" marginheight=\"0\" scrolling=\"no\"><\/iframe>\n<\/div><\/figure>\n\n\n\n<p><strong>Herren<\/strong><\/p>\n\n\n\n<p>Gruppe A<\/p>\n\n\n\n<figure class=\"wp-block-table is-style-regular\"><table><tbody><tr><td>Platz<\/td><td>Name<\/td><td>Spiele<\/td><td>S\u00e4tze<\/td><\/tr><tr><td>1<\/td><td>Matthias<\/td><td>5:0<\/td><td><\/td><\/tr><tr><td>2<\/td><td>Christoph<\/td><td>2:3<\/td><td>9:10*<\/td><\/tr><tr><td>3<\/td><td>Uli<\/td><td>2:3<\/td><td>9:10*<\/td><\/tr><tr><td>4<\/td><td>Ralf<\/td><td>2:3<\/td><td>8:10<\/td><\/tr><tr><td>5<\/td><td>Manuel<\/td><td>2:3<\/td><td>8:12<\/td><\/tr><tr><td>6<\/td><td>Serkan<\/td><td>2:3<\/td><td>8:13<\/td><\/tr><\/tbody><\/table><figcaption class=\"wp-element-caption\">* direkter Vergleich<\/figcaption><\/figure>\n\n\n\n<p>Gruppe B<\/p>\n\n\n\n<figure class=\"wp-block-table\"><table><tbody><tr><td>Platz<\/td><td>Name<\/td><td>Spiele<\/td><\/tr><tr><td>1<\/td><td>Maxi<\/td><td>6:0<\/td><\/tr><tr><td>2<\/td><td>Michael<\/td><td>5:1<\/td><\/tr><tr><td>3<\/td><td>Felix<\/td><td>4:2<\/td><\/tr><tr><td>4<\/td><td>Thomas Z.<\/td><td>3:3<\/td><\/tr><tr><td>5<\/td><td>Wolfgang<\/td><td>2:4<\/td><\/tr><tr><td>6<\/td><td>Thomas J.<\/td><td>1:5<\/td><\/tr><tr><td>7<\/td><td>Kuo-I<\/td><td>0:6<\/td><\/tr><\/tbody><\/table><\/figure>\n\n\n\n<p>Viertelfinale<\/p>\n\n\n\n<figure class=\"wp-block-table\"><table><tbody><tr><td>Matthias<\/td><td>Thomas Z.<\/td><td>3:2<\/td><\/tr><tr><td>Uli<\/td><td>Michael<\/td><td>2:3<\/td><\/tr><tr><td>Christoph<\/td><td>Felix<\/td><td>0:3<\/td><\/tr><tr><td>Ralf<\/td><td>Maxi<\/td><td>3:2<\/td><\/tr><\/tbody><\/table><\/figure>\n\n\n\n<p>Halbfinale<\/p>\n\n\n\n<figure class=\"wp-block-table\"><table><tbody><tr><td>Matthias<\/td><td>Michael<\/td><td>3:2<\/td><\/tr><tr><td>Felix<\/td><td>Ralf<\/td><td>3:0<\/td><\/tr><\/tbody><\/table><\/figure>\n\n\n\n<p>Spiel um Platz 3<\/p>\n\n\n\n<figure class=\"wp-block-table\"><table><tbody><tr><td>Michael<\/td><td>Ralf<\/td><td>1:3<\/td><\/tr><\/tbody><\/table><\/figure>\n\n\n\n<p>Finale<\/p>\n\n\n\n<figure class=\"wp-block-table\"><table><tbody><tr><td>Matthias<\/td><td>Felix<\/td><td>3:2<\/td><\/tr><\/tbody><\/table><\/figure>\n\n\n\n<p><strong>Jugend \/ Sch\u00fcler<\/strong><\/p>\n\n\n\n<figure class=\"wp-block-table\"><table><tbody><tr><td>Platz<\/td><td>Name<\/td><td>Spiele (S\u00e4tze)<\/td><\/tr><tr><td>1<\/td><td>Quentin<\/td><td>9:0<\/td><\/tr><tr><td>2<\/td><td>Janno<\/td><td>8:1<\/td><\/tr><tr><td>3<\/td><td>Samuel<\/td><td>6:3<\/td><\/tr><tr><td>4<\/td><td>Ida<\/td><td>5:4 (18:14)<\/td><\/tr><tr><td>5<\/td><td>Michael<\/td><td>5:4 (17:17)<\/td><\/tr><tr><td>6<\/td><td>Lars<\/td><td>4:5 (16:17)<\/td><\/tr><tr><td>7<\/td><td>Lara<\/td><td>4:5 (14:17)<\/td><\/tr><tr><td>8<\/td><td>Jaden<\/td><td>2:7 (9:21)<\/td><\/tr><tr><td>9<\/td><td>Eske<\/td><td>2:7 (8:22)<\/td><\/tr><tr><td>10<\/td><td>Jana<\/td><td>0:9<\/td><\/tr><\/tbody><\/table><\/figure>\n","protected":false},"excerpt":{"rendered":"<p>Herren Gruppe A Platz Name Spiele S\u00e4tze 1 Matthias 5:0 2 Christoph 2:3 9:10* 3 Uli 2:3 9:10* 4 Ralf 2:3 8:10 5 Manuel 2:3 8:12 6 Serkan 2:3 8:13 * direkter Vergleich Gruppe B Platz Name Spiele 1 Maxi &hellip; <a href=\"https:\/\/sv-waldkirch-tischtennis.de\/?page_id=4475\">Weiterlesen <span class=\"meta-nav\">&rarr;<\/span><\/a><\/p>\n","protected":false},"author":1,"featured_media":0,"parent":174,"menu_order":42,"comment_status":"closed","ping_status":"closed","template":"","meta":{"footnotes":""},"class_list":["post-4475","page","type-page","status-publish","hentry"],"_links":{"self":[{"href":"https:\/\/sv-waldkirch-tischtennis.de\/index.php?rest_route=\/wp\/v2\/pages\/4475","targetHints":{"allow":["GET"]}}],"collection":[{"href":"https:\/\/sv-waldkirch-tischtennis.de\/index.php?rest_route=\/wp\/v2\/pages"}],"about":[{"href":"https:\/\/sv-waldkirch-tischtennis.de\/index.php?rest_route=\/wp\/v2\/types\/page"}],"author":[{"embeddable":true,"href":"https:\/\/sv-waldkirch-tischtennis.de\/index.php?rest_route=\/wp\/v2\/users\/1"}],"replies":[{"embeddable":true,"href":"https:\/\/sv-waldkirch-tischtennis.de\/index.php?rest_route=%2Fwp%2Fv2%2Fcomments&post=4475"}],"version-history":[{"count":4,"href":"https:\/\/sv-waldkirch-tischtennis.de\/index.php?rest_route=\/wp\/v2\/pages\/4475\/revisions"}],"predecessor-version":[{"id":5937,"href":"https:\/\/sv-waldkirch-tischtennis.de\/index.php?rest_route=\/wp\/v2\/pages\/4475\/revisions\/5937"}],"up":[{"embeddable":true,"href":"https:\/\/sv-waldkirch-tischtennis.de\/index.php?rest_route=\/wp\/v2\/pages\/174"}],"wp:attachment":[{"href":"https:\/\/sv-waldkirch-tischtennis.de\/index.php?rest_route=%2Fwp%2Fv2%2Fmedia&parent=4475"}],"curies":[{"name":"wp","href":"https:\/\/api.w.org\/{rel}","templated":true}]}}