{"id":3018,"date":"2018-08-03T16:32:27","date_gmt":"2018-08-03T14:32:27","guid":{"rendered":"https:\/\/sv-waldkirch-tischtennis.de\/?page_id=3018"},"modified":"2018-08-03T16:47:06","modified_gmt":"2018-08-03T14:47:06","slug":"datenschutzerklaerung","status":"publish","type":"page","link":"https:\/\/sv-waldkirch-tischtennis.de\/?page_id=3018","title":{"rendered":"Datenschutzerkl\u00e4rung"},"content":{"rendered":"<p><span style=\"font-family: Times New Roman, serif;\"><span style=\"font-size: medium;\">Der Schutz von personenbezogenen Daten ist f\u00fcr uns von h\u00f6chster Bedeutung. F\u00fcr die Nutzung der Website <a href=\"https:\/\/sv-waldkirch-tischtennis.de\">https:\/\/sv-waldkirch-tischtennis.de<\/a> ist dies in der folgenden Datenschutzerkl\u00e4rung verankert.<br \/>\nDiensteanbieter gem. \u00a7 13 Telemediengesetz (TMG) und verantwortlich gem. Art. 4 Abs. 7 EU-Datenschutz-Grundverordnung (DS-GVO) ist der SV Waldkirch, Abteilung Tischtennis. Weitere Daten hierzu finden Sie in unserem Impressum.<\/span><\/span><\/p>\n<p>&nbsp;<\/p>\n<p><span style=\"font-family: Times New Roman, serif;\"><span style=\"font-size: medium;\"><b>1. Automatisierte Datenerhebung und -verarbeitung<\/b><\/span><\/span><\/p>\n<p><span style=\"font-family: Times New Roman, serif;\"><span style=\"font-size: medium;\">Wie \u00fcblich erhebt und speichert unser Server automatisch und tempor\u00e4r Angaben in den Server-Logfiles, die durch den Browser \u00fcbermittelt werden, sofern dies nicht von Ihnen deaktiviert wurde (Rechtsgrundlage ist Art. 6 Abs. 1 S. 1 lit. f DS-GVO). Dazu geh\u00f6ren z.B. die IP-Adresse des anfragenden Rechners, der http-Antwort-Code, die Internetseite, von der aus Sie uns besuchen, die Uhrzeit der Serveranfrage sowie Browsertyp, Browserversion und verwendetes Betriebssystem des anfragenden Rechners.<\/span><\/span><\/p>\n<p><span style=\"font-family: Times New Roman, serif;\"><span style=\"font-size: medium;\">Eine personenbezogene Auswertung der Server-Logfiles findet nicht statt. Diese Daten sind f\u00fcr den Anbieter zu keinem Zeitpunkt bestimmten Personen zuordenbar und eine Zusammenf\u00fchrung dieser Daten mit anderen Datenquellen wird nicht vorgenommen.<\/span><\/span><\/p>\n<p>&nbsp;<\/p>\n<p><span style=\"font-family: Times New Roman, serif;\"><span style=\"font-size: medium;\"><b>2. Datenerhebung und -verarbeitung freiwillig mitgeteilter Daten<\/b><\/span><\/span><\/p>\n<p><span style=\"font-family: Times New Roman, serif;\"><span style=\"font-size: medium;\">Sofern Sie uns personenbezogene Daten per E-Mail oder <\/span><\/span><span style=\"font-family: Times New Roman, serif;\"><span style=\"font-size: medium;\">\u00fcber unsere Website mitteilen (z.B. Name, Vorname, E-Mail-Adresse, Anschrift)<\/span><\/span><span style=\"font-family: Times New Roman, serif;\"><span style=\"font-size: medium;\">, erfolgt dies generell auf freiwilliger Basis. Diese Daten werden zur Bearbeitung Ihrer Anfragen genutzt und ausschlie\u00dflich f\u00fcr den Zweck verarbeitet, zu dem Sie uns die Daten zur Verf\u00fcgung gestellt haben. <\/span><\/span><\/p>\n<p><span style=\"font-family: Times New Roman, serif;\"><span style=\"font-size: medium;\">Dar\u00fcber hinaus, zum Beispiel f\u00fcr die Zusendung von Werbung, werden wir Ihre Daten nur im Rahmen der gesetzlichen Bestimmungen oder mit Ihrer ausdr\u00fccklichen Einwilligung (Art. 6 Abs. 1 S. 1 lit. a DS-GVO) erheben, verarbeiten oder nutzen<\/span><\/span><span style=\"font-family: Times New Roman, serif;\"><span style=\"font-size: medium;\">. Soweit Sie diese Einwilligung elektronisch im Rahmen unseres Internetangebotes erkl\u00e4ren, beachten wir die gesetzlichen Hinweispflichten und protokollieren Ihre Einwilligung durch geeignete technische Systeme.<\/span><\/span><\/p>\n<p><span style=\"font-family: Times New Roman, serif;\"><span style=\"font-size: medium;\">Es wird unsererseits versichert, dass wir Ihre personenbezogenen Daten ansonsten nicht an Dritte weitergeben, es sei denn, dass wir dazu gesetzlich verpflichtet w\u00e4ren oder Sie vorher ausdr\u00fccklich eingewilligt haben. <\/span><\/span><\/p>\n<p><span style=\"font-family: Times New Roman, serif;\"><span style=\"font-size: medium;\">Soweit wir zur Durchf\u00fchrung und Abwicklung von Verarbeitungsprozessen Dienstleistungen Dritter in Anspruch nehmen, werden die Bestimmungen der DS-GVO sowie des Bundesdatenschutzgesetzes (BDSG) eingehalten.<\/span><\/span><\/p>\n<p>&nbsp;<\/p>\n<p><span style=\"font-family: Times New Roman, serif;\"><span style=\"font-size: medium;\"><b>3. Speicherdauer<\/b><\/span><\/span><\/p>\n<p><span style=\"font-family: Times New Roman, serif;\"><span style=\"font-size: medium;\">Personenbezogene Daten, die uns \u00fcber unsere Website mitgeteilt worden sind, werden gespeichert, bis der Zweck erf\u00fcllt ist, zu dem sie uns anvertraut wurden. Soweit handels- und steuerrechtliche Aufbewahrungsfristen zu beachten sind, kann die Speicherdauer zu bestimmten Daten bis zu 10 Jahre betragen.<\/span><\/span><\/p>\n<p>&nbsp;<\/p>\n<p><span style=\"font-family: Times New Roman, serif;\"><span style=\"font-size: medium;\"><b>4. Newsletter<\/b><\/span><\/span><\/p>\n<p><span style=\"font-family: Times New Roman, serif;\"><span style=\"font-size: medium;\">Wenn Sie den auf der Website angebotenen Newsletter beziehen m\u00f6chten (es werden nur die Beitr\u00e4ge auf der Startseite dieser Website als Newsletter versandt), ben\u00f6tigen wir von Ihnen eine E-Mail-Adresse. Weitere Daten werden nicht bzw. nur auf freiwilliger Basis erhoben. Diese Daten verwenden wir ausschlie\u00dflich f\u00fcr den Versand der angeforderten Informationen und geben diese nicht an Dritte weiter.<\/span><\/span><\/p>\n<p><span style=\"font-family: Times New Roman, serif;\"><span style=\"font-size: medium;\">Die von Ihnen zum Zwecke des Newsletter-Bezugs bei uns hinterlegten Daten werden von uns bis zu Ihrer Austragung aus dem Newsletter gespeichert und nach der Abbestellung des Newsletters gel\u00f6scht. Daten, die zu anderen Zwecken bei uns gespeichert wurden (z.B. E-Mail-Adressen f\u00fcr den Mitgliederbereich) bleiben hiervon unber\u00fchrt.<\/span><\/span><\/p>\n<p>&nbsp;<\/p>\n<p><span style=\"font-family: Times New Roman, serif;\"><span style=\"font-size: medium;\"><b>5. Cookies<\/b><\/span><\/span><\/p>\n<p><span style=\"font-family: Times New Roman, serif;\"><span style=\"font-size: medium;\">Die Website verwendet Cookies. Cookies richten auf Ihrem Rechner keinen Schaden an und enthalten keine Viren. Bei Cookies handelt es sich um kleine Textdateien, die lokal im Zwischenspeicher Ihres Browsers gespeichert werden. Die Cookies dienen insbesondere zur Wiedererkennung des Internetbrowsers. Cookies werden zur Sitzungssteuerung und f\u00fcr die statistische Auswertung verwendet. Diese Cookies enthalten keinerlei personenbezogene Daten. Sie k\u00f6nnen Ihren Browser so einstellen, dass keine Cookies auf der Festplatte abgelegt werden bzw. bereits abgelegte Cookies wieder gel\u00f6scht werden. Bitte befolgen Sie dazu die Anweisungen der Hilfefunktion Ihres Browsers bez\u00fcglich der Verhinderung sowie L\u00f6schung von Cookies. Bei der Deaktivierung von Cookies kann die Funktionalit\u00e4t dieser Website eingeschr\u00e4nkt sein.<\/span><\/span><\/p>\n<p>&nbsp;<\/p>\n<p><span style=\"font-family: Times New Roman, serif;\"><span style=\"font-size: medium;\"><b>6. Einbindung von Google Maps<\/b><\/span><\/span><\/p>\n<p><span style=\"font-family: Times New Roman, serif;\"><span style=\"font-size: medium;\">Auf dieser Webseite nutzen wir das Angebot von Google Maps. Dadurch k\u00f6nnen wir Ihnen interaktive Karten direkt in der Website anzeigen und erm\u00f6glichen Ihnen die komfortable Nutzung der Karten-Funktion.<\/span><\/span><\/p>\n<p><span style=\"font-family: Times New Roman, serif;\"><span style=\"font-size: medium;\">Durch den Besuch auf der Website erh\u00e4lt Google die Information, dass Sie die entsprechende Unterseite unserer Website aufgerufen haben. Zudem werden die unter Ziff. 1 dieser Erkl\u00e4rung genannten Daten \u00fcbermittelt. Dies erfolgt unabh\u00e4ngig davon, ob Google ein Nutzerkonto bereitstellt, \u00fcber das Sie eingeloggt sind, oder ob kein Nutzerkonto besteht. Wenn Sie bei Google eingeloggt sind, werden Ihre Daten direkt Ihrem Konto zugeordnet. Wenn Sie die Zuordnung mit Ihrem Profil bei Google nicht w\u00fcnschen, m\u00fcssen Sie sich vor Aktivierung des Buttons ausloggen. Google speichert Ihre Daten als Nutzungsprofile und nutzt sie f\u00fcr Zwecke der Werbung, Marktforschung und\/oder bedarfsgerechten Gestaltung seiner Website. Eine solche Auswertung erfolgt insbesondere (selbst f\u00fcr nicht eingeloggte Nutzer) zur Erbringung von bedarfsgerechter Werbung und um andere Nutzer des sozialen Netzwerks \u00fcber Ihre Aktivit\u00e4ten auf unserer Website zu informieren. Ihnen steht ein Widerspruchsrecht zu gegen die Bildung dieser Nutzerprofile, wobei Sie sich zur Aus\u00fcbung dessen an Google richten m\u00fcssen.<\/span><\/span><\/p>\n<p><span style=\"font-family: Times New Roman, serif;\"><span style=\"font-size: medium;\">Weitere Informationen zu Zweck und Umfang der Datenerhebung und ihrer Verarbeitung durch den Plug-in-Anbieter erhalten Sie in den Datenschutzerkl\u00e4rungen des Anbieters. Dort erhalten Sie auch weitere Informationen zu Ihren diesbez\u00fcglichen Rechten und Einstellungsm\u00f6glichkeiten zum Schutze Ihrer Privatsph\u00e4re: <\/span><\/span><a href=\"https:\/\/policies.google.com\/privacy?hl=de&amp;gl=de\"><span style=\"color: #0000ff;\"><span style=\"font-family: Times New Roman, serif;\"><span style=\"font-size: medium;\"><u>http:\/\/www.google.de\/intl\/de\/policies\/privacy<\/u><\/span><\/span><\/span><\/a><span style=\"font-family: Times New Roman, serif;\"><span style=\"font-size: medium;\">. Google verarbeitet Ihre personenbezogenen Daten auch in den USA und hat sich dem EU-US Privacy Shield unterworfen, <\/span><\/span><a href=\"https:\/\/www.privacyshield.gov\/EU-US-Framework\"><span style=\"color: #0000ff;\"><span style=\"font-family: Times New Roman, serif;\"><span style=\"font-size: medium;\"><u>https:\/\/www.privacyshield.gov\/EU-US-Framework<\/u><\/span><\/span><\/span><\/a><span style=\"font-family: Times New Roman, serif;\"><span style=\"font-size: medium;\">.<\/span><\/span><\/p>\n<p>&nbsp;<\/p>\n<p><span style=\"font-family: Times New Roman, serif;\"><span style=\"font-size: medium;\"><b>7. Ihre Rechte<\/b><\/span><\/span><\/p>\n<p><span style=\"font-family: Times New Roman, serif;\"><span style=\"font-size: medium;\">Sie haben gegen\u00fcber uns folgende Rechte hinsichtlich der Sie betreffenden personenbezogenen Daten:<\/span><\/span><\/p>\n<p>\u2022\u00a0\u00a0 \u00a0<span style=\"font-family: Times New Roman, serif;\"><span style=\"font-size: medium;\">Recht auf Auskunft,<br \/>\n\u2022\u00a0\u00a0 \u00a0Recht auf Berichtigung oder L\u00f6schung,<br \/>\n\u2022\u00a0\u00a0 \u00a0Recht auf Einschr\u00e4nkung der Verarbeitung,<br \/>\n\u2022\u00a0\u00a0 \u00a0Recht auf Widerspruch gegen die Verarbeitung,<br \/>\n\u2022\u00a0\u00a0 \u00a0Recht auf Daten\u00fcbertragbarkeit.<\/span><\/span><\/p>\n<p><span style=\"font-family: Times New Roman, serif;\"><span style=\"font-size: medium;\">Ihr Vertrauen ist uns wichtig. Daher m\u00f6chten wir Ihnen jederzeit Rede und Antwort bez\u00fcglich der Verarbeitung Ihrer personenbezogenen Daten stehen. Alle Informationsw\u00fcnsche, Auskunftsanfragen oder Widerspr\u00fcche zur Datenverarbeitung richten Sie bitte per E-Mail an <a href=\"mailto:c.winterhalter@svw-tt.de\">c.winterhalter@svw-tt.de<\/a> oder postalisch an Christoph Winterhalter, Bahnhofplatz 15, D-79183 Waldkirch.<\/span><\/span><\/p>\n<p><span style=\"font-family: Times New Roman, serif;\"><span style=\"font-size: medium;\">Sie haben zudem das Recht, sich bei einer Datenschutz-Aufsichtsbeh\u00f6rde \u00fcber die Verarbeitung Ihrer personenbezogenen Daten durch uns zu beschweren.<\/span><\/span><\/p>\n<p>&nbsp;<\/p>\n<p><span style=\"font-family: Times New Roman, serif;\"><span style=\"font-size: medium;\"><b>8. \u00c4nderungen dieser Datenschutzerkl\u00e4rung<\/b><\/span><\/span><\/p>\n<p><a name=\"sample-permalink\"><\/a> <span style=\"font-family: Times New Roman, serif;\"><span style=\"font-size: medium;\">\u00c4nderungen der Gesetzeslage oder der Rechtsprechung sowie Anpassungen unseres Gesch\u00e4ftsmodells k\u00f6nnen es unter Umst\u00e4nden erforderlich machen, diese Datenschutzerkl\u00e4rung zu \u00e4ndern. Wir behalten uns daher das Recht vor, diese Datenschutzerkl\u00e4rung jederzeit anzupassen. Sie k\u00f6nnen die jeweils aktuell geltende Datenschutzerkl\u00e4rung jederzeit bei uns anfordern oder aber unter <\/span><\/span><a href=\"https:\/\/sv-waldkirch-tischtennis.de\/?page_id=3018\"><span style=\"color: #0073aa;\"><span style=\"font-family: Times New Roman, serif;\"><span style=\"font-size: medium;\">https:\/\/sv-waldkirch-tischtennis.de\/?page_id=3018<\/span><\/span><\/span><\/a> <span style=\"font-family: Times New Roman, serif;\"><span style=\"font-size: medium;\">abrufen.<\/span><\/span><\/p>\n","protected":false},"excerpt":{"rendered":"<p>Der Schutz von personenbezogenen Daten ist f\u00fcr uns von h\u00f6chster Bedeutung. F\u00fcr die Nutzung der Website https:\/\/sv-waldkirch-tischtennis.de ist dies in der folgenden Datenschutzerkl\u00e4rung verankert. Diensteanbieter gem. \u00a7 13 Telemediengesetz (TMG) und verantwortlich gem. Art. 4 Abs. 7 EU-Datenschutz-Grundverordnung (DS-GVO) ist &hellip; <a href=\"https:\/\/sv-waldkirch-tischtennis.de\/?page_id=3018\">Weiterlesen <span class=\"meta-nav\">&rarr;<\/span><\/a><\/p>\n","protected":false},"author":1,"featured_media":0,"parent":261,"menu_order":3,"comment_status":"closed","ping_status":"closed","template":"","meta":{"footnotes":""},"class_list":["post-3018","page","type-page","status-publish","hentry"],"_links":{"self":[{"href":"https:\/\/sv-waldkirch-tischtennis.de\/index.php?rest_route=\/wp\/v2\/pages\/3018","targetHints":{"allow":["GET"]}}],"collection":[{"href":"https:\/\/sv-waldkirch-tischtennis.de\/index.php?rest_route=\/wp\/v2\/pages"}],"about":[{"href":"https:\/\/sv-waldkirch-tischtennis.de\/index.php?rest_route=\/wp\/v2\/types\/page"}],"author":[{"embeddable":true,"href":"https:\/\/sv-waldkirch-tischtennis.de\/index.php?rest_route=\/wp\/v2\/users\/1"}],"replies":[{"embeddable":true,"href":"https:\/\/sv-waldkirch-tischtennis.de\/index.php?rest_route=%2Fwp%2Fv2%2Fcomments&post=3018"}],"version-history":[{"count":6,"href":"https:\/\/sv-waldkirch-tischtennis.de\/index.php?rest_route=\/wp\/v2\/pages\/3018\/revisions"}],"predecessor-version":[{"id":3025,"href":"https:\/\/sv-waldkirch-tischtennis.de\/index.php?rest_route=\/wp\/v2\/pages\/3018\/revisions\/3025"}],"up":[{"embeddable":true,"href":"https:\/\/sv-waldkirch-tischtennis.de\/index.php?rest_route=\/wp\/v2\/pages\/261"}],"wp:attachment":[{"href":"https:\/\/sv-waldkirch-tischtennis.de\/index.php?rest_route=%2Fwp%2Fv2%2Fmedia&parent=3018"}],"curies":[{"name":"wp","href":"https:\/\/api.w.org\/{rel}","templated":true}]}}