{"id":274,"date":"2012-08-26T14:36:50","date_gmt":"2012-08-26T12:36:50","guid":{"rendered":"http:\/\/sv-waldkirch-tischtennis.de\/?page_id=274"},"modified":"2017-07-23T13:19:51","modified_gmt":"2017-07-23T11:19:51","slug":"vereinsmeisterschaften-2012","status":"publish","type":"page","link":"https:\/\/sv-waldkirch-tischtennis.de\/?page_id=274","title":{"rendered":"Einzel-Vereinsmeisterschaften 2013"},"content":{"rendered":"<p><strong>Einzel-Vereinsmeisterschaften 2013<\/strong><\/p>\n<p>Am 11. Mai fanden die diesj\u00e4hrigen Einzel-Vereinsmeisterschaften in der Kastelberghalle statt.<\/p>\n<p>Allen Spielern ein Dankesch\u00f6n f\u00fcr die Teilnahme sowie ein Gl\u00fcckwunsch an die Vereinsmeister und Platzierten!<\/p>\n<p><a href=\"http:\/\/sv-waldkirch-tischtennis.de\/wp-content\/uploads\/2013\/05\/IMG_6864.jpg\"><img decoding=\"async\" class=\"alignleft size-full wp-image-870\" src=\"http:\/\/sv-waldkirch-tischtennis.de\/wp-content\/uploads\/2013\/05\/IMG_6864.jpg\" alt=\"IMG_6864\" \/><\/a><\/p>\n<p><strong>Herren<\/strong><\/p>\n<p>Vereinsmeister :\u00a0<strong>Matthias Friedrich<\/strong><br \/>\n2. Platz : Timo Krocker<br \/>\n3. Platz : Hans-Joachim Rodenstein<\/p>\n<p><a href=\"http:\/\/sv-waldkirch-tischtennis.de\/wp-content\/uploads\/2013\/05\/IMG_6867.jpg\"><img decoding=\"async\" class=\"alignleft size-full wp-image-871\" src=\"http:\/\/sv-waldkirch-tischtennis.de\/wp-content\/uploads\/2013\/05\/IMG_6867.jpg\" alt=\"IMG_6867\" \/><\/a><br \/>\nhintere Reihe, v.l.n.r. : Matthias Friedrich, Timo Krocker, Maximilian Ruf, Christoph Winterhalter, Thomas Jahn<br \/>\nvordere Reihe, v.l.n.r. : Falk Weitkamp, Dominik Reiss, Jorin Krocker, Felix Ruf, Joachim Rodenstein<\/p>\n<p><strong>Eltern<\/strong><\/p>\n<p>Vereinsmeister:\u00a0<strong>Udo Eichmeier<\/strong><\/p>\n<p>\n<table id=\"tablepress-4\" class=\"tablepress tablepress-id-4\">\n<thead>\n<tr class=\"row-1\">\n\t<th class=\"column-1\">Platzierung<\/th><th class=\"column-2\">Name<\/th><th class=\"column-3\">S\u00e4tze<\/th><td class=\"column-4\"><\/td><th class=\"column-5\">Spiele<\/th>\n<\/tr>\n<\/thead>\n<tbody class=\"row-striping row-hover\">\n<tr class=\"row-2\">\n\t<td class=\"column-1\">1<\/td><td class=\"column-2\">Matthias Friedrich<\/td><td class=\"column-3\">30:6<\/td><td class=\"column-4\">+24<\/td><td class=\"column-5\">10:0<\/td>\n<\/tr>\n<tr class=\"row-3\">\n\t<td class=\"column-1\">2<\/td><td class=\"column-2\">Timo Krocker<\/td><td class=\"column-3\">27:8<\/td><td class=\"column-4\">+19<\/td><td class=\"column-5\">8:2<\/td>\n<\/tr>\n<tr class=\"row-4\">\n\t<td class=\"column-1\">3<\/td><td class=\"column-2\">Hans-Joachim Rodenstein<\/td><td class=\"column-3\">23:12<\/td><td class=\"column-4\">+11<\/td><td class=\"column-5\">7:3<\/td>\n<\/tr>\n<tr class=\"row-5\">\n\t<td class=\"column-1\">4<\/td><td class=\"column-2\">Jorin Krocker<\/td><td class=\"column-3\">22:15<\/td><td class=\"column-4\">+7<\/td><td class=\"column-5\">6:4<\/td>\n<\/tr>\n<tr class=\"row-6\">\n\t<td class=\"column-1\">5<\/td><td class=\"column-2\">Dominik Reiss<\/td><td class=\"column-3\">21:16<\/td><td class=\"column-4\">+6<\/td><td class=\"column-5\">6:4<\/td>\n<\/tr>\n<tr class=\"row-7\">\n\t<td class=\"column-1\">6<\/td><td class=\"column-2\">Christoph Winterhalter<\/td><td class=\"column-3\">19:18<\/td><td class=\"column-4\">+1<\/td><td class=\"column-5\">6:4<\/td>\n<\/tr>\n<tr class=\"row-8\">\n\t<td class=\"column-1\">7<\/td><td class=\"column-2\">Thomas Jahn<\/td><td class=\"column-3\">19:17<\/td><td class=\"column-4\">+2<\/td><td class=\"column-5\">5:5<\/td>\n<\/tr>\n<tr class=\"row-9\">\n\t<td class=\"column-1\">8<\/td><td class=\"column-2\">Falk Weitkamp<\/td><td class=\"column-3\">15:20<\/td><td class=\"column-4\">-5<\/td><td class=\"column-5\">4:6<\/td>\n<\/tr>\n<tr class=\"row-10\">\n\t<td class=\"column-1\">9<\/td><td class=\"column-2\">Felix Ruf<\/td><td class=\"column-3\">10:26<\/td><td class=\"column-4\">-16<\/td><td class=\"column-5\">2:8<\/td>\n<\/tr>\n<tr class=\"row-11\">\n\t<td class=\"column-1\">10<\/td><td class=\"column-2\">Maximilian Ruf<\/td><td class=\"column-3\">9:27<\/td><td class=\"column-4\">-18<\/td><td class=\"column-5\">1:9<\/td>\n<\/tr>\n<tr class=\"row-12\">\n\t<td class=\"column-1\">11<\/td><td class=\"column-2\">Udo Eichmeier*<\/td><td class=\"column-3\">0:30<\/td><td class=\"column-4\">-30<\/td><td class=\"column-5\">0:10<\/td>\n<\/tr>\n<\/tbody>\n<\/table>\n<!-- #tablepress-4 from cache --><br \/>\n* Eltern- und Herren-Wettbewerb wurde gemeinsam durchgef\u00fchrt, jedoch separat gewertet<\/p>\n<p><strong>Sch\u00fclerinnen<\/strong><\/p>\n<p>Vereinsmeister : <strong>Maren Blattmann<\/strong><br \/>\n2. Platz : Annika Jahn<\/p>\n<p><strong>Sch\u00fcler<\/strong><\/p>\n<p>Vereinsmeister :\u00a0<strong>Julian Meinke<br \/>\n<\/strong>2. Platz : Marcel Laudenberg<br \/>\n3. Platz : Nico Uhl<\/p>\n<p>\n<table id=\"tablepress-5\" class=\"tablepress tablepress-id-5\">\n<thead>\n<tr class=\"row-1\">\n\t<th class=\"column-1\">Platzierung<\/th><th class=\"column-2\">Name<\/th><th class=\"column-3\">S\u00e4tze<\/th><td class=\"column-4\"><\/td><th class=\"column-5\">Spiele<\/th>\n<\/tr>\n<\/thead>\n<tbody class=\"row-striping row-hover\">\n<tr class=\"row-2\">\n\t<td class=\"column-1\">1<\/td><td class=\"column-2\">Julian Meinke<\/td><td class=\"column-3\">27:4<\/td><td class=\"column-4\">+23<\/td><td class=\"column-5\">9:0<\/td>\n<\/tr>\n<tr class=\"row-3\">\n\t<td class=\"column-1\">2<\/td><td class=\"column-2\">Marcel Laudenberg<\/td><td class=\"column-3\">25:3<\/td><td class=\"column-4\">+22<\/td><td class=\"column-5\">8:1<\/td>\n<\/tr>\n<tr class=\"row-4\">\n\t<td class=\"column-1\">3<\/td><td class=\"column-2\">Nico Uhl<\/td><td class=\"column-3\">21:10<\/td><td class=\"column-4\">+11<\/td><td class=\"column-5\">7:2<\/td>\n<\/tr>\n<tr class=\"row-5\">\n\t<td class=\"column-1\">4<\/td><td class=\"column-2\">Luca St\u00f6hr<\/td><td class=\"column-3\">19:12<\/td><td class=\"column-4\">+7<\/td><td class=\"column-5\">6:3<\/td>\n<\/tr>\n<tr class=\"row-6\">\n\t<td class=\"column-1\">5<\/td><td class=\"column-2\">Maren Blattmann*<\/td><td class=\"column-3\">15:17<\/td><td class=\"column-4\">-2<\/td><td class=\"column-5\">4:5<\/td>\n<\/tr>\n<tr class=\"row-7\">\n\t<td class=\"column-1\">6<\/td><td class=\"column-2\">Sebastian Friedrich<\/td><td class=\"column-3\">17:20<\/td><td class=\"column-4\">-3<\/td><td class=\"column-5\">4:5<\/td>\n<\/tr>\n<tr class=\"row-8\">\n\t<td class=\"column-1\">7<\/td><td class=\"column-2\">Lukas Jahn<\/td><td class=\"column-3\">15:19<\/td><td class=\"column-4\">-4<\/td><td class=\"column-5\">4:5<\/td>\n<\/tr>\n<tr class=\"row-9\">\n\t<td class=\"column-1\">8<\/td><td class=\"column-2\">Simon St\u00f6hr<\/td><td class=\"column-3\">10:22<\/td><td class=\"column-4\">-8<\/td><td class=\"column-5\">2:7<\/td>\n<\/tr>\n<tr class=\"row-10\">\n\t<td class=\"column-1\">9<\/td><td class=\"column-2\">Annika Jahn*<\/td><td class=\"column-3\">6:24<\/td><td class=\"column-4\">-18<\/td><td class=\"column-5\">1:8<\/td>\n<\/tr>\n<tr class=\"row-11\">\n\t<td class=\"column-1\">10<\/td><td class=\"column-2\">Marcel Vogt<\/td><td class=\"column-3\">3:27<\/td><td class=\"column-4\">-24<\/td><td class=\"column-5\">0:9<\/td>\n<\/tr>\n<\/tbody>\n<\/table>\n<!-- #tablepress-5 from cache --><br \/>\n*\u00a0Sch\u00fclerinnen- und Sch\u00fcler-Wettbewerb wurde gemeinsam durchgef\u00fchrt, jedoch separat gewertet<\/p>\n<p>&nbsp;<\/p>\n<p><strong>Minis<\/strong><\/p>\n<p>Vereinsmeister : <strong>Louis Wermke<br \/>\n<\/strong>2. Platz : Julian Schur<br \/>\n3. Platz : Ole Eichmeier<\/p>\n\n<table id=\"tablepress-6\" class=\"tablepress tablepress-id-6\">\n<thead>\n<tr class=\"row-1\">\n\t<th class=\"column-1\">Platzierung<\/th><th class=\"column-2\">Name<\/th><th class=\"column-3\">S\u00e4tze<\/th><td class=\"column-4\"><\/td><th class=\"column-5\">Spiele<\/th>\n<\/tr>\n<\/thead>\n<tbody class=\"row-striping row-hover\">\n<tr class=\"row-2\">\n\t<td class=\"column-1\">1<\/td><td class=\"column-2\">Louis Wermke<\/td><td class=\"column-3\">12:1<\/td><td class=\"column-4\">+11<\/td><td class=\"column-5\">4:0<\/td>\n<\/tr>\n<tr class=\"row-3\">\n\t<td class=\"column-1\">2<\/td><td class=\"column-2\">Julian Schur<\/td><td class=\"column-3\">10:3<\/td><td class=\"column-4\">+7<\/td><td class=\"column-5\">3:1<\/td>\n<\/tr>\n<tr class=\"row-4\">\n\t<td class=\"column-1\">3<\/td><td class=\"column-2\">Ole Eichmeier<\/td><td class=\"column-3\">6:6<\/td><td class=\"column-4\">0<\/td><td class=\"column-5\">2:2<\/td>\n<\/tr>\n<tr class=\"row-5\">\n\t<td class=\"column-1\">4<\/td><td class=\"column-2\">Laurin Schur<\/td><td class=\"column-3\">3:11<\/td><td class=\"column-4\">-8<\/td><td class=\"column-5\">1:3<\/td>\n<\/tr>\n<tr class=\"row-6\">\n\t<td class=\"column-1\">5<\/td><td class=\"column-2\">Silas Berard<\/td><td class=\"column-3\">2:12<\/td><td class=\"column-4\">-10<\/td><td class=\"column-5\">0:4<\/td>\n<\/tr>\n<\/tbody>\n<\/table>\n<!-- #tablepress-6 from cache -->\n<p><strong>Einzel-Vereinsmeisterschaften 2012<\/strong><\/p>\n<p>Am 12. Mai fanden die diesj\u00e4hrigen Einzel-Vereinsmeisterschaften in der Kastelberghalle statt.<\/p>\n<p>Allen Spielern ein Dankesch\u00f6n f\u00fcr die Teilnahme sowie ein Gl\u00fcckwunsch an die Vereinsmeister und Platzierten!<\/p>\n<p>&nbsp;<\/p>\n<p><strong>Herren<\/strong><\/p>\n<p>Vereinsmeister : <strong>Matthias Friedrich<\/strong><br \/>\n2. Platz : Hans-Joachim Rodenstein<br \/>\n3. Platz : Tobias Huber<\/p>\n<p><a href=\"http:\/\/sv-waldkirch-tischtennis.de\/wp-content\/uploads\/2012\/09\/DSCF0827.jpeg\"><img loading=\"lazy\" decoding=\"async\" class=\"alignleft size-full wp-image-382\" title=\"DSCF0827\" alt=\"\" src=\"http:\/\/sv-waldkirch-tischtennis.de\/wp-content\/uploads\/2012\/09\/DSCF0827.jpeg\" width=\"640\" height=\"480\" srcset=\"https:\/\/sv-waldkirch-tischtennis.de\/wp-content\/uploads\/2012\/09\/DSCF0827.jpeg 640w, https:\/\/sv-waldkirch-tischtennis.de\/wp-content\/uploads\/2012\/09\/DSCF0827-300x225.jpeg 300w, https:\/\/sv-waldkirch-tischtennis.de\/wp-content\/uploads\/2012\/09\/DSCF0827-400x300.jpeg 400w\" sizes=\"auto, (max-width: 640px) 100vw, 640px\" \/><\/a><\/p>\n<p>v.l.n.r. : Hans-Joachim Rodenstein, Matthias Friedrich, Tobias Huber<\/p>\n<p>&nbsp;<\/p>\n<p><strong>Jungen<\/strong><\/p>\n<p>Vereinsmeister : <strong>Lars Linde<\/strong><br \/>\n2. Platz : Maximilian Ruf<br \/>\n3. Platz : Dominik Reis<\/p>\n<p><a href=\"http:\/\/sv-waldkirch-tischtennis.de\/wp-content\/uploads\/2012\/09\/DSCF0823.jpeg\"><img loading=\"lazy\" decoding=\"async\" class=\"alignleft size-full wp-image-381\" title=\"DSCF0823\" alt=\"\" src=\"http:\/\/sv-waldkirch-tischtennis.de\/wp-content\/uploads\/2012\/09\/DSCF0823.jpeg\" width=\"640\" height=\"480\" srcset=\"https:\/\/sv-waldkirch-tischtennis.de\/wp-content\/uploads\/2012\/09\/DSCF0823.jpeg 640w, https:\/\/sv-waldkirch-tischtennis.de\/wp-content\/uploads\/2012\/09\/DSCF0823-300x225.jpeg 300w, https:\/\/sv-waldkirch-tischtennis.de\/wp-content\/uploads\/2012\/09\/DSCF0823-400x300.jpeg 400w\" sizes=\"auto, (max-width: 640px) 100vw, 640px\" \/><\/a><\/p>\n<p>v.l.n.r. : Maximilian Ruf, Lars Linde, Dominik Reis; mit Jugendleiter Thomas Jahn<\/p>\n<p>&nbsp;<\/p>\n<p><strong>Sch\u00fcler<\/strong><\/p>\n<p>Vereinsmeister :\u00a0<strong>Manuel Oesterle<\/strong><br \/>\n2. Platz : Andres Fernandez<br \/>\n3. Platz : Julian Meinke<\/p>\n<p><a href=\"http:\/\/sv-waldkirch-tischtennis.de\/wp-content\/uploads\/2012\/09\/DSCF0820.jpeg\"><img loading=\"lazy\" decoding=\"async\" class=\"alignleft size-full wp-image-380\" title=\"DSCF0820\" alt=\"\" src=\"http:\/\/sv-waldkirch-tischtennis.de\/wp-content\/uploads\/2012\/09\/DSCF0820.jpeg\" width=\"640\" height=\"480\" srcset=\"https:\/\/sv-waldkirch-tischtennis.de\/wp-content\/uploads\/2012\/09\/DSCF0820.jpeg 640w, https:\/\/sv-waldkirch-tischtennis.de\/wp-content\/uploads\/2012\/09\/DSCF0820-300x225.jpeg 300w, https:\/\/sv-waldkirch-tischtennis.de\/wp-content\/uploads\/2012\/09\/DSCF0820-400x300.jpeg 400w\" sizes=\"auto, (max-width: 640px) 100vw, 640px\" \/><\/a><\/p>\n<p>v.l.n.r. : Manuel Oesterle, Andres Fernandez, Julian Meinke; mit Jugendleiter Thomas Jahn<\/p>\n<p>&nbsp;<\/p>\n<p><strong>Sch\u00fclerinnen \/ Minis<\/strong><\/p>\n<p>Vereinsmeister : <strong>Maren Blattmann<\/strong><br \/>\n2. Platz : Simon St\u00f6hr<br \/>\n3. Platz : Marcel Vogt<\/p>\n<p><a href=\"http:\/\/sv-waldkirch-tischtennis.de\/wp-content\/uploads\/2012\/09\/DSCF0814.jpeg\"><img loading=\"lazy\" decoding=\"async\" class=\"alignleft size-full wp-image-379\" title=\"DSCF0814\" alt=\"\" src=\"http:\/\/sv-waldkirch-tischtennis.de\/wp-content\/uploads\/2012\/09\/DSCF0814.jpeg\" width=\"640\" height=\"480\" srcset=\"https:\/\/sv-waldkirch-tischtennis.de\/wp-content\/uploads\/2012\/09\/DSCF0814.jpeg 640w, https:\/\/sv-waldkirch-tischtennis.de\/wp-content\/uploads\/2012\/09\/DSCF0814-300x225.jpeg 300w, https:\/\/sv-waldkirch-tischtennis.de\/wp-content\/uploads\/2012\/09\/DSCF0814-400x300.jpeg 400w\" sizes=\"auto, (max-width: 640px) 100vw, 640px\" \/><\/a><\/p>\n<p>v.l.n.r. : Marcel Vogt, Maren Blattmann, Simon St\u00f6hr; mit Jugendleiter Thomas Jahn<\/p>\n<p>&nbsp;<\/p>\n\n\t\t<style type=\"text\/css\">\n\t\t\t#gallery-1 {\n\t\t\t\tmargin: auto;\n\t\t\t}\n\t\t\t#gallery-1 .gallery-item {\n\t\t\t\tfloat: left;\n\t\t\t\tmargin-top: 10px;\n\t\t\t\ttext-align: center;\n\t\t\t\twidth: 33%;\n\t\t\t}\n\t\t\t#gallery-1 img {\n\t\t\t\tborder: 2px solid #cfcfcf;\n\t\t\t}\n\t\t\t#gallery-1 .gallery-caption {\n\t\t\t\tmargin-left: 0;\n\t\t\t}\n\t\t\t\/* see gallery_shortcode() in wp-includes\/media.php *\/\n\t\t<\/style>\n\t\t<div id='gallery-1' class='gallery galleryid-274 gallery-columns-3 gallery-size-thumbnail'><dl class='gallery-item'>\n\t\t\t<dt class='gallery-icon landscape'>\n\t\t\t\t<a href='https:\/\/sv-waldkirch-tischtennis.de\/wp-content\/uploads\/2012\/08\/20120512_132110.jpg'><img loading=\"lazy\" decoding=\"async\" width=\"150\" height=\"150\" src=\"https:\/\/sv-waldkirch-tischtennis.de\/wp-content\/uploads\/2012\/08\/20120512_132110-150x150.jpg\" class=\"attachment-thumbnail size-thumbnail\" alt=\"\" \/><\/a>\n\t\t\t<\/dt><\/dl><dl class='gallery-item'>\n\t\t\t<dt class='gallery-icon landscape'>\n\t\t\t\t<a href='https:\/\/sv-waldkirch-tischtennis.de\/wp-content\/uploads\/2012\/08\/20120512_131917.jpg'><img loading=\"lazy\" decoding=\"async\" width=\"150\" height=\"150\" src=\"https:\/\/sv-waldkirch-tischtennis.de\/wp-content\/uploads\/2012\/08\/20120512_131917-150x150.jpg\" class=\"attachment-thumbnail size-thumbnail\" alt=\"\" \/><\/a>\n\t\t\t<\/dt><\/dl><dl class='gallery-item'>\n\t\t\t<dt class='gallery-icon landscape'>\n\t\t\t\t<a href='https:\/\/sv-waldkirch-tischtennis.de\/wp-content\/uploads\/2012\/08\/20120512_131910.jpg'><img loading=\"lazy\" decoding=\"async\" width=\"150\" height=\"150\" src=\"https:\/\/sv-waldkirch-tischtennis.de\/wp-content\/uploads\/2012\/08\/20120512_131910-150x150.jpg\" class=\"attachment-thumbnail size-thumbnail\" alt=\"\" \/><\/a>\n\t\t\t<\/dt><\/dl><br style=\"clear: both\" \/><dl class='gallery-item'>\n\t\t\t<dt class='gallery-icon landscape'>\n\t\t\t\t<a href='https:\/\/sv-waldkirch-tischtennis.de\/wp-content\/uploads\/2012\/08\/20120512_131801.jpg'><img loading=\"lazy\" decoding=\"async\" width=\"150\" height=\"150\" src=\"https:\/\/sv-waldkirch-tischtennis.de\/wp-content\/uploads\/2012\/08\/20120512_131801-150x150.jpg\" class=\"attachment-thumbnail size-thumbnail\" alt=\"\" \/><\/a>\n\t\t\t<\/dt><\/dl><dl class='gallery-item'>\n\t\t\t<dt class='gallery-icon landscape'>\n\t\t\t\t<a href='https:\/\/sv-waldkirch-tischtennis.de\/wp-content\/uploads\/2012\/08\/20120512_131720.jpg'><img loading=\"lazy\" decoding=\"async\" width=\"150\" height=\"150\" src=\"https:\/\/sv-waldkirch-tischtennis.de\/wp-content\/uploads\/2012\/08\/20120512_131720-150x150.jpg\" class=\"attachment-thumbnail size-thumbnail\" alt=\"\" \/><\/a>\n\t\t\t<\/dt><\/dl><dl class='gallery-item'>\n\t\t\t<dt class='gallery-icon landscape'>\n\t\t\t\t<a href='https:\/\/sv-waldkirch-tischtennis.de\/wp-content\/uploads\/2012\/08\/20120512_131635.jpg'><img loading=\"lazy\" decoding=\"async\" width=\"150\" height=\"150\" src=\"https:\/\/sv-waldkirch-tischtennis.de\/wp-content\/uploads\/2012\/08\/20120512_131635-150x150.jpg\" class=\"attachment-thumbnail size-thumbnail\" alt=\"\" \/><\/a>\n\t\t\t<\/dt><\/dl><br style=\"clear: both\" \/><dl class='gallery-item'>\n\t\t\t<dt class='gallery-icon landscape'>\n\t\t\t\t<a href='https:\/\/sv-waldkirch-tischtennis.de\/wp-content\/uploads\/2012\/08\/20120512_125734.jpg'><img loading=\"lazy\" decoding=\"async\" width=\"150\" height=\"150\" src=\"https:\/\/sv-waldkirch-tischtennis.de\/wp-content\/uploads\/2012\/08\/20120512_125734-150x150.jpg\" class=\"attachment-thumbnail size-thumbnail\" alt=\"\" \/><\/a>\n\t\t\t<\/dt><\/dl><dl class='gallery-item'>\n\t\t\t<dt class='gallery-icon landscape'>\n\t\t\t\t<a href='https:\/\/sv-waldkirch-tischtennis.de\/wp-content\/uploads\/2012\/08\/20120512_125553.jpg'><img loading=\"lazy\" decoding=\"async\" width=\"150\" height=\"150\" src=\"https:\/\/sv-waldkirch-tischtennis.de\/wp-content\/uploads\/2012\/08\/20120512_125553-150x150.jpg\" class=\"attachment-thumbnail size-thumbnail\" alt=\"\" srcset=\"https:\/\/sv-waldkirch-tischtennis.de\/wp-content\/uploads\/2012\/08\/20120512_125553-150x150.jpg 150w, https:\/\/sv-waldkirch-tischtennis.de\/wp-content\/uploads\/2012\/08\/20120512_125553-300x297.jpg 300w, https:\/\/sv-waldkirch-tischtennis.de\/wp-content\/uploads\/2012\/08\/20120512_125553-302x300.jpg 302w, https:\/\/sv-waldkirch-tischtennis.de\/wp-content\/uploads\/2012\/08\/20120512_125553.jpg 774w\" sizes=\"auto, (max-width: 150px) 100vw, 150px\" \/><\/a>\n\t\t\t<\/dt><\/dl><dl class='gallery-item'>\n\t\t\t<dt class='gallery-icon portrait'>\n\t\t\t\t<a href='https:\/\/sv-waldkirch-tischtennis.de\/wp-content\/uploads\/2012\/08\/20120512_125353.jpg'><img loading=\"lazy\" decoding=\"async\" width=\"150\" height=\"150\" src=\"https:\/\/sv-waldkirch-tischtennis.de\/wp-content\/uploads\/2012\/08\/20120512_125353-150x150.jpg\" class=\"attachment-thumbnail size-thumbnail\" alt=\"\" \/><\/a>\n\t\t\t<\/dt><\/dl><br style=\"clear: both\" \/><dl class='gallery-item'>\n\t\t\t<dt class='gallery-icon landscape'>\n\t\t\t\t<a href='https:\/\/sv-waldkirch-tischtennis.de\/wp-content\/uploads\/2012\/08\/20120512_125303.jpg'><img loading=\"lazy\" decoding=\"async\" width=\"150\" height=\"150\" src=\"https:\/\/sv-waldkirch-tischtennis.de\/wp-content\/uploads\/2012\/08\/20120512_125303-150x150.jpg\" class=\"attachment-thumbnail size-thumbnail\" alt=\"\" \/><\/a>\n\t\t\t<\/dt><\/dl><dl class='gallery-item'>\n\t\t\t<dt class='gallery-icon landscape'>\n\t\t\t\t<a href='https:\/\/sv-waldkirch-tischtennis.de\/wp-content\/uploads\/2012\/08\/20120512_125243.jpg'><img loading=\"lazy\" decoding=\"async\" width=\"150\" height=\"150\" src=\"https:\/\/sv-waldkirch-tischtennis.de\/wp-content\/uploads\/2012\/08\/20120512_125243-150x150.jpg\" class=\"attachment-thumbnail size-thumbnail\" alt=\"\" \/><\/a>\n\t\t\t<\/dt><\/dl><dl class='gallery-item'>\n\t\t\t<dt class='gallery-icon landscape'>\n\t\t\t\t<a href='https:\/\/sv-waldkirch-tischtennis.de\/wp-content\/uploads\/2012\/08\/20120512_124933.jpg'><img loading=\"lazy\" decoding=\"async\" width=\"150\" height=\"150\" src=\"https:\/\/sv-waldkirch-tischtennis.de\/wp-content\/uploads\/2012\/08\/20120512_124933-150x150.jpg\" class=\"attachment-thumbnail size-thumbnail\" alt=\"\" \/><\/a>\n\t\t\t<\/dt><\/dl><br style=\"clear: both\" \/><dl class='gallery-item'>\n\t\t\t<dt class='gallery-icon landscape'>\n\t\t\t\t<a href='https:\/\/sv-waldkirch-tischtennis.de\/wp-content\/uploads\/2012\/08\/20120512_124737.jpg'><img loading=\"lazy\" decoding=\"async\" width=\"150\" height=\"150\" src=\"https:\/\/sv-waldkirch-tischtennis.de\/wp-content\/uploads\/2012\/08\/20120512_124737-150x150.jpg\" class=\"attachment-thumbnail size-thumbnail\" alt=\"\" \/><\/a>\n\t\t\t<\/dt><\/dl><dl class='gallery-item'>\n\t\t\t<dt class='gallery-icon landscape'>\n\t\t\t\t<a href='https:\/\/sv-waldkirch-tischtennis.de\/wp-content\/uploads\/2012\/08\/20120512_124559.jpg'><img loading=\"lazy\" decoding=\"async\" width=\"150\" height=\"150\" src=\"https:\/\/sv-waldkirch-tischtennis.de\/wp-content\/uploads\/2012\/08\/20120512_124559-150x150.jpg\" class=\"attachment-thumbnail size-thumbnail\" alt=\"\" \/><\/a>\n\t\t\t<\/dt><\/dl><dl class='gallery-item'>\n\t\t\t<dt class='gallery-icon landscape'>\n\t\t\t\t<a href='https:\/\/sv-waldkirch-tischtennis.de\/wp-content\/uploads\/2012\/08\/20120512_124200.jpg'><img loading=\"lazy\" decoding=\"async\" width=\"150\" height=\"150\" src=\"https:\/\/sv-waldkirch-tischtennis.de\/wp-content\/uploads\/2012\/08\/20120512_124200-150x150.jpg\" class=\"attachment-thumbnail size-thumbnail\" alt=\"\" \/><\/a>\n\t\t\t<\/dt><\/dl><br style=\"clear: both\" \/><dl class='gallery-item'>\n\t\t\t<dt class='gallery-icon landscape'>\n\t\t\t\t<a href='https:\/\/sv-waldkirch-tischtennis.de\/wp-content\/uploads\/2012\/08\/20120512_124130.jpg'><img loading=\"lazy\" decoding=\"async\" width=\"150\" height=\"150\" src=\"https:\/\/sv-waldkirch-tischtennis.de\/wp-content\/uploads\/2012\/08\/20120512_124130-150x150.jpg\" class=\"attachment-thumbnail size-thumbnail\" alt=\"\" \/><\/a>\n\t\t\t<\/dt><\/dl><dl class='gallery-item'>\n\t\t\t<dt class='gallery-icon landscape'>\n\t\t\t\t<a href='https:\/\/sv-waldkirch-tischtennis.de\/wp-content\/uploads\/2012\/08\/20120512_124049.jpg'><img loading=\"lazy\" decoding=\"async\" width=\"150\" height=\"150\" src=\"https:\/\/sv-waldkirch-tischtennis.de\/wp-content\/uploads\/2012\/08\/20120512_124049-150x150.jpg\" class=\"attachment-thumbnail size-thumbnail\" alt=\"\" \/><\/a>\n\t\t\t<\/dt><\/dl><dl class='gallery-item'>\n\t\t\t<dt class='gallery-icon landscape'>\n\t\t\t\t<a href='https:\/\/sv-waldkirch-tischtennis.de\/wp-content\/uploads\/2012\/08\/20120512_123642.jpg'><img loading=\"lazy\" decoding=\"async\" width=\"150\" height=\"150\" src=\"https:\/\/sv-waldkirch-tischtennis.de\/wp-content\/uploads\/2012\/08\/20120512_123642-150x150.jpg\" class=\"attachment-thumbnail size-thumbnail\" alt=\"\" \/><\/a>\n\t\t\t<\/dt><\/dl><br style=\"clear: both\" \/><dl class='gallery-item'>\n\t\t\t<dt class='gallery-icon landscape'>\n\t\t\t\t<a href='https:\/\/sv-waldkirch-tischtennis.de\/wp-content\/uploads\/2012\/09\/DSCF0827.jpeg'><img loading=\"lazy\" decoding=\"async\" width=\"150\" height=\"150\" src=\"https:\/\/sv-waldkirch-tischtennis.de\/wp-content\/uploads\/2012\/09\/DSCF0827-150x150.jpeg\" class=\"attachment-thumbnail size-thumbnail\" alt=\"\" \/><\/a>\n\t\t\t<\/dt><\/dl><dl class='gallery-item'>\n\t\t\t<dt class='gallery-icon landscape'>\n\t\t\t\t<a href='https:\/\/sv-waldkirch-tischtennis.de\/wp-content\/uploads\/2012\/09\/DSCF0823.jpeg'><img loading=\"lazy\" decoding=\"async\" width=\"150\" height=\"150\" src=\"https:\/\/sv-waldkirch-tischtennis.de\/wp-content\/uploads\/2012\/09\/DSCF0823-150x150.jpeg\" class=\"attachment-thumbnail size-thumbnail\" alt=\"\" \/><\/a>\n\t\t\t<\/dt><\/dl><dl class='gallery-item'>\n\t\t\t<dt class='gallery-icon landscape'>\n\t\t\t\t<a href='https:\/\/sv-waldkirch-tischtennis.de\/wp-content\/uploads\/2012\/09\/DSCF0820.jpeg'><img loading=\"lazy\" decoding=\"async\" width=\"150\" height=\"150\" src=\"https:\/\/sv-waldkirch-tischtennis.de\/wp-content\/uploads\/2012\/09\/DSCF0820-150x150.jpeg\" class=\"attachment-thumbnail size-thumbnail\" alt=\"\" \/><\/a>\n\t\t\t<\/dt><\/dl><br style=\"clear: both\" \/><dl class='gallery-item'>\n\t\t\t<dt class='gallery-icon landscape'>\n\t\t\t\t<a href='https:\/\/sv-waldkirch-tischtennis.de\/wp-content\/uploads\/2012\/09\/DSCF0814.jpeg'><img loading=\"lazy\" decoding=\"async\" width=\"150\" height=\"150\" src=\"https:\/\/sv-waldkirch-tischtennis.de\/wp-content\/uploads\/2012\/09\/DSCF0814-150x150.jpeg\" class=\"attachment-thumbnail size-thumbnail\" alt=\"\" \/><\/a>\n\t\t\t<\/dt><\/dl>\n\t\t\t<br style='clear: both' \/>\n\t\t<\/div>\n\n","protected":false},"excerpt":{"rendered":"<p>Einzel-Vereinsmeisterschaften 2013 Am 11. Mai fanden die diesj\u00e4hrigen Einzel-Vereinsmeisterschaften in der Kastelberghalle statt. Allen Spielern ein Dankesch\u00f6n f\u00fcr die Teilnahme sowie ein Gl\u00fcckwunsch an die Vereinsmeister und Platzierten! Herren Vereinsmeister :\u00a0Matthias Friedrich 2. Platz : Timo Krocker 3. Platz : &hellip; <a href=\"https:\/\/sv-waldkirch-tischtennis.de\/?page_id=274\">Weiterlesen <span class=\"meta-nav\">&rarr;<\/span><\/a><\/p>\n","protected":false},"author":1,"featured_media":0,"parent":174,"menu_order":49,"comment_status":"closed","ping_status":"closed","template":"showcase.php","meta":{"footnotes":""},"class_list":["post-274","page","type-page","status-publish","hentry"],"_links":{"self":[{"href":"https:\/\/sv-waldkirch-tischtennis.de\/index.php?rest_route=\/wp\/v2\/pages\/274","targetHints":{"allow":["GET"]}}],"collection":[{"href":"https:\/\/sv-waldkirch-tischtennis.de\/index.php?rest_route=\/wp\/v2\/pages"}],"about":[{"href":"https:\/\/sv-waldkirch-tischtennis.de\/index.php?rest_route=\/wp\/v2\/types\/page"}],"author":[{"embeddable":true,"href":"https:\/\/sv-waldkirch-tischtennis.de\/index.php?rest_route=\/wp\/v2\/users\/1"}],"replies":[{"embeddable":true,"href":"https:\/\/sv-waldkirch-tischtennis.de\/index.php?rest_route=%2Fwp%2Fv2%2Fcomments&post=274"}],"version-history":[{"count":32,"href":"https:\/\/sv-waldkirch-tischtennis.de\/index.php?rest_route=\/wp\/v2\/pages\/274\/revisions"}],"predecessor-version":[{"id":1649,"href":"https:\/\/sv-waldkirch-tischtennis.de\/index.php?rest_route=\/wp\/v2\/pages\/274\/revisions\/1649"}],"up":[{"embeddable":true,"href":"https:\/\/sv-waldkirch-tischtennis.de\/index.php?rest_route=\/wp\/v2\/pages\/174"}],"wp:attachment":[{"href":"https:\/\/sv-waldkirch-tischtennis.de\/index.php?rest_route=%2Fwp%2Fv2%2Fmedia&parent=274"}],"curies":[{"name":"wp","href":"https:\/\/api.w.org\/{rel}","templated":true}]}}