{"id":231,"date":"2012-08-11T17:40:11","date_gmt":"2012-08-11T15:40:11","guid":{"rendered":"http:\/\/sv-waldkirch-tischtennis.de\/?page_id=231"},"modified":"2023-08-05T09:56:36","modified_gmt":"2023-08-05T07:56:36","slug":"allgemeines","status":"publish","type":"page","link":"https:\/\/sv-waldkirch-tischtennis.de\/?page_id=231","title":{"rendered":"Allgemeines"},"content":{"rendered":"<p>Herzlich Willkommen auf der Website der Abteilung Tischtennis, SV Waldkirch.<\/p>\n<p>Tischtennis als anerkannte schnellste Einzelsportart der Welt wird in Waldkirch seit 1933 organisiert im Verein gespielt. Als zweit\u00e4ltester Verein in S\u00fcdbaden kann man auf eine langj\u00e4hrige und erfolgreiche Vereinsgeschichte zur\u00fcckblicken. Seit 1946 ist die Tischtennisabteilung eine Abteilung im Gesamtsportverein SV Waldkirch e.V.<\/p>\n<p>Heute wird Tischtennissport in einer Damenmannschaft, zwei Herrenmannschaften und einer Jugendmannschaft gespielt. Die Abteilung z\u00e4hlt knapp 90 Mitglieder von denen etwa 40 aktiv den Sport in einer Mannschaft oder im Training betreiben.<\/p>\n<p>Die Tischtennisabteilung des SV Waldkirch e.V. hat sich neben dem sportlichen Betrieb auch um die Ausrichtung vieler Sportveranstaltungen verdient gemacht. Nachdem in fr\u00fcheren Jahren viele Turniere auf lokaler Ebene veranstaltet wurden, werden seit 1984 in in loser Folge die s\u00fcdbadischen Einzelmeisterschaften als auch die Bezirksmeisterschaften in Waldkirch durchgef\u00fchrt. Baden-W\u00fcrttembergs Elite traf sich im Oktober 1998 erstmals in Waldkirch zur Ausrichtung des Endranglistenturniers. Im Januar 2000 konnten wir die besten Spielerinnen und Spieler unseres Bundeslandes im Rahmen der Baden-W\u00fcrttembergischen Einzelmeisterschaften hier in Waldkirch begr\u00fc\u00dfen.<\/p>\n<p>Die Tischtennisabteilung w\u00fcrde sich freuen, Sie als neues Mitglied bei uns und im SV Waldkirch begr\u00fc\u00dfen zu d\u00fcrfen. Besonders sprechen wir hierbei die Sch\u00fcler, Sch\u00fclerinnen und Jugendlichen an, bei uns sportlich aktiv zu sein.<\/p>\n<p>SV Waldkirch e.V.<br \/>\nAbteilung Tischtennis<\/p>\n","protected":false},"excerpt":{"rendered":"<p>Herzlich Willkommen auf der Website der Abteilung Tischtennis, SV Waldkirch. Tischtennis als anerkannte schnellste Einzelsportart der Welt wird in Waldkirch seit 1933 organisiert im Verein gespielt. Als zweit\u00e4ltester Verein in S\u00fcdbaden kann man auf eine langj\u00e4hrige und erfolgreiche Vereinsgeschichte zur\u00fcckblicken. &hellip; <a href=\"https:\/\/sv-waldkirch-tischtennis.de\/?page_id=231\">Weiterlesen <span class=\"meta-nav\">&rarr;<\/span><\/a><\/p>\n","protected":false},"author":1,"featured_media":0,"parent":8,"menu_order":1,"comment_status":"closed","ping_status":"closed","template":"","meta":{"footnotes":""},"class_list":["post-231","page","type-page","status-publish","hentry"],"_links":{"self":[{"href":"https:\/\/sv-waldkirch-tischtennis.de\/index.php?rest_route=\/wp\/v2\/pages\/231","targetHints":{"allow":["GET"]}}],"collection":[{"href":"https:\/\/sv-waldkirch-tischtennis.de\/index.php?rest_route=\/wp\/v2\/pages"}],"about":[{"href":"https:\/\/sv-waldkirch-tischtennis.de\/index.php?rest_route=\/wp\/v2\/types\/page"}],"author":[{"embeddable":true,"href":"https:\/\/sv-waldkirch-tischtennis.de\/index.php?rest_route=\/wp\/v2\/users\/1"}],"replies":[{"embeddable":true,"href":"https:\/\/sv-waldkirch-tischtennis.de\/index.php?rest_route=%2Fwp%2Fv2%2Fcomments&post=231"}],"version-history":[{"count":12,"href":"https:\/\/sv-waldkirch-tischtennis.de\/index.php?rest_route=\/wp\/v2\/pages\/231\/revisions"}],"predecessor-version":[{"id":4518,"href":"https:\/\/sv-waldkirch-tischtennis.de\/index.php?rest_route=\/wp\/v2\/pages\/231\/revisions\/4518"}],"up":[{"embeddable":true,"href":"https:\/\/sv-waldkirch-tischtennis.de\/index.php?rest_route=\/wp\/v2\/pages\/8"}],"wp:attachment":[{"href":"https:\/\/sv-waldkirch-tischtennis.de\/index.php?rest_route=%2Fwp%2Fv2%2Fmedia&parent=231"}],"curies":[{"name":"wp","href":"https:\/\/api.w.org\/{rel}","templated":true}]}}