{"id":1646,"date":"2015-05-10T07:34:02","date_gmt":"2015-05-10T05:34:02","guid":{"rendered":"http:\/\/sv-waldkirch-tischtennis.de\/?page_id=1646"},"modified":"2017-07-23T13:20:19","modified_gmt":"2017-07-23T11:20:19","slug":"einzel-vereinsmeisterschaften-2015","status":"publish","type":"page","link":"https:\/\/sv-waldkirch-tischtennis.de\/?page_id=1646","title":{"rendered":"Einzel-Vereinsmeisterschaften 2015"},"content":{"rendered":"<p>Am 9. Mai fanden die diesj\u00e4hrigen Einzel-Vereinsmeisterschaften in der Kastelberghalle statt.<\/p>\n<p>Allen Spielern ein Dankesch\u00f6n f\u00fcr die Teilnahme sowie ein Gl\u00fcckwunsch an die Vereinsmeister und Platzierten!<\/p>\n<p>Herren:<\/p>\n<p>Vereinsmeister : Michael Linde (8:1 Spiele, 26:8 S\u00e4tze; direkter Vergleich)<\/p>\n<p>2. Platz : Matthias Friedrich (8:1 Spiele, 25:7 S\u00e4tze)<\/p>\n<p>3. Platz: Timo Krocker (7:2 Spiele)<\/p>\n<p>Weitere Platzierungen : Maximilian Ruf, Thomas Ziegler, Hans-Joachim Rodenstein, Tobias Rodenstein, Felix Ruf, Wolfgang Misera, Uli Himmelsbach<\/p>\n<p>&nbsp;<\/p>\n<p>Jugend\/Sch\u00fclerInnen:<\/p>\n<p>Vereinsmeister : Luis Dittrich (7:1 Spiele)<\/p>\n<p>2. Platz : Julian Schur (6:2 Spiele)<\/p>\n<p>3. Platz : Sebastian Friedrich (3:5 Spiele)<\/p>\n<p>Weitere Platzierungen: Tim Sandfort, Annika Jahn<\/p>\n<p>&nbsp;<\/p>\n<p><a href=\"http:\/\/sv-waldkirch-tischtennis.de\/wp-content\/uploads\/2015\/05\/20150509_094841.jpg\"><img loading=\"lazy\" decoding=\"async\" class=\"alignnone size-full wp-image-1631\" src=\"http:\/\/sv-waldkirch-tischtennis.de\/wp-content\/uploads\/2015\/05\/20150509_094841.jpg\" alt=\"20150509_094841\" width=\"1600\" height=\"821\" srcset=\"https:\/\/sv-waldkirch-tischtennis.de\/wp-content\/uploads\/2015\/05\/20150509_094841.jpg 1600w, https:\/\/sv-waldkirch-tischtennis.de\/wp-content\/uploads\/2015\/05\/20150509_094841-300x154.jpg 300w, https:\/\/sv-waldkirch-tischtennis.de\/wp-content\/uploads\/2015\/05\/20150509_094841-1024x525.jpg 1024w, https:\/\/sv-waldkirch-tischtennis.de\/wp-content\/uploads\/2015\/05\/20150509_094841-500x257.jpg 500w\" sizes=\"auto, (max-width: 1600px) 100vw, 1600px\" \/><\/a><\/p>\n<p><a href=\"http:\/\/sv-waldkirch-tischtennis.de\/wp-content\/uploads\/2015\/05\/IMG_0419.jpg\"><img decoding=\"async\" class=\"alignnone size-full wp-image-1640\" src=\"http:\/\/sv-waldkirch-tischtennis.de\/wp-content\/uploads\/2015\/05\/IMG_0419.jpg\" alt=\"IMG_0419\" \/><\/a><br \/>\nv.l.n.r. Matthias Friedrich, Michael Linde, Timo Krocker<\/p>\n<p><a href=\"http:\/\/sv-waldkirch-tischtennis.de\/wp-content\/uploads\/2015\/05\/IMG_04151.jpg\"><img decoding=\"async\" class=\"alignnone size-full wp-image-1654\" src=\"http:\/\/sv-waldkirch-tischtennis.de\/wp-content\/uploads\/2015\/05\/IMG_04151.jpg\" alt=\"IMG_0415\" \/><\/a><br \/>\nMichael Linde<\/p>\n<p><a href=\"http:\/\/sv-waldkirch-tischtennis.de\/wp-content\/uploads\/2015\/05\/IMG_04111.jpg\"><img decoding=\"async\" class=\"alignnone size-full wp-image-1653\" src=\"http:\/\/sv-waldkirch-tischtennis.de\/wp-content\/uploads\/2015\/05\/IMG_04111.jpg\" alt=\"IMG_0411\" \/><\/a><br \/>\nMatthias Friedrich<\/p>\n<p><a href=\"http:\/\/sv-waldkirch-tischtennis.de\/wp-content\/uploads\/2015\/05\/IMG_04101.jpg\"><img decoding=\"async\" class=\"alignnone size-full wp-image-1652\" src=\"http:\/\/sv-waldkirch-tischtennis.de\/wp-content\/uploads\/2015\/05\/IMG_04101.jpg\" alt=\"IMG_0410\" \/><\/a><br \/>\nTimo Krocker<\/p>\n<p><a href=\"http:\/\/sv-waldkirch-tischtennis.de\/wp-content\/uploads\/2015\/05\/IMG_03971.jpg\"><img decoding=\"async\" class=\"alignnone size-full wp-image-1644\" src=\"http:\/\/sv-waldkirch-tischtennis.de\/wp-content\/uploads\/2015\/05\/IMG_03971.jpg\" alt=\"IMG_0397\" \/><\/a><br \/>\nLuis Dittrich<\/p>\n<p><a href=\"http:\/\/sv-waldkirch-tischtennis.de\/wp-content\/uploads\/2015\/05\/IMG_0393.jpg\"><img decoding=\"async\" class=\"alignnone size-full wp-image-1632\" src=\"http:\/\/sv-waldkirch-tischtennis.de\/wp-content\/uploads\/2015\/05\/IMG_0393.jpg\" alt=\"IMG_0393\" \/><\/a><br \/>\nJulian Schur<\/p>\n<p><a href=\"http:\/\/sv-waldkirch-tischtennis.de\/wp-content\/uploads\/2015\/05\/IMG_04071.jpg\"><img decoding=\"async\" class=\"alignnone size-full wp-image-1651\" src=\"http:\/\/sv-waldkirch-tischtennis.de\/wp-content\/uploads\/2015\/05\/IMG_04071.jpg\" alt=\"IMG_0407\" \/><\/a><br \/>\nSebastian Friedrich<\/p>\n<p><a href=\"http:\/\/sv-waldkirch-tischtennis.de\/wp-content\/uploads\/2015\/05\/IMG_0424.jpg\"><img decoding=\"async\" class=\"alignnone size-full wp-image-1641\" src=\"http:\/\/sv-waldkirch-tischtennis.de\/wp-content\/uploads\/2015\/05\/IMG_0424.jpg\" alt=\"IMG_0424\" \/><\/a><br \/>\nv.l.n.r. : Michael Linde, Thomas Ziegler, Timo Krocker, Tobias Rodenstein, Hans-Joachim Rodenstein, Maximilian Ruf, Uli Himmelsbach, Felix Ruf, Matthias Friedrich<\/p>\n","protected":false},"excerpt":{"rendered":"<p>Am 9. Mai fanden die diesj\u00e4hrigen Einzel-Vereinsmeisterschaften in der Kastelberghalle statt. Allen Spielern ein Dankesch\u00f6n f\u00fcr die Teilnahme sowie ein Gl\u00fcckwunsch an die Vereinsmeister und Platzierten! Herren: Vereinsmeister : Michael Linde (8:1 Spiele, 26:8 S\u00e4tze; direkter Vergleich) 2. Platz : &hellip; <a href=\"https:\/\/sv-waldkirch-tischtennis.de\/?page_id=1646\">Weiterlesen <span class=\"meta-nav\">&rarr;<\/span><\/a><\/p>\n","protected":false},"author":1,"featured_media":1631,"parent":174,"menu_order":47,"comment_status":"closed","ping_status":"closed","template":"","meta":{"footnotes":""},"class_list":["post-1646","page","type-page","status-publish","has-post-thumbnail","hentry"],"_links":{"self":[{"href":"https:\/\/sv-waldkirch-tischtennis.de\/index.php?rest_route=\/wp\/v2\/pages\/1646","targetHints":{"allow":["GET"]}}],"collection":[{"href":"https:\/\/sv-waldkirch-tischtennis.de\/index.php?rest_route=\/wp\/v2\/pages"}],"about":[{"href":"https:\/\/sv-waldkirch-tischtennis.de\/index.php?rest_route=\/wp\/v2\/types\/page"}],"author":[{"embeddable":true,"href":"https:\/\/sv-waldkirch-tischtennis.de\/index.php?rest_route=\/wp\/v2\/users\/1"}],"replies":[{"embeddable":true,"href":"https:\/\/sv-waldkirch-tischtennis.de\/index.php?rest_route=%2Fwp%2Fv2%2Fcomments&post=1646"}],"version-history":[{"count":10,"href":"https:\/\/sv-waldkirch-tischtennis.de\/index.php?rest_route=\/wp\/v2\/pages\/1646\/revisions"}],"predecessor-version":[{"id":1667,"href":"https:\/\/sv-waldkirch-tischtennis.de\/index.php?rest_route=\/wp\/v2\/pages\/1646\/revisions\/1667"}],"up":[{"embeddable":true,"href":"https:\/\/sv-waldkirch-tischtennis.de\/index.php?rest_route=\/wp\/v2\/pages\/174"}],"wp:featuredmedia":[{"embeddable":true,"href":"https:\/\/sv-waldkirch-tischtennis.de\/index.php?rest_route=\/wp\/v2\/media\/1631"}],"wp:attachment":[{"href":"https:\/\/sv-waldkirch-tischtennis.de\/index.php?rest_route=%2Fwp%2Fv2%2Fmedia&parent=1646"}],"curies":[{"name":"wp","href":"https:\/\/api.w.org\/{rel}","templated":true}]}}