{"id":1371,"date":"2014-11-01T11:44:30","date_gmt":"2014-11-01T09:44:30","guid":{"rendered":"http:\/\/sv-waldkirch-tischtennis.de\/?page_id=1371"},"modified":"2018-08-25T12:44:18","modified_gmt":"2018-08-25T10:44:18","slug":"spiellokale","status":"publish","type":"page","link":"https:\/\/sv-waldkirch-tischtennis.de\/?page_id=1371","title":{"rendered":"Spiellokale"},"content":{"rendered":"<style type=\"text\/css\">@import \"webtt\/css\/webtt.css\"; @import \"webtt\/css\/aufst.css\"; @import \"webtt\/css\/spielpl.css\"; @import \"webtt\/css\/spielpl_verein.css\"; @import \"webtt\/css\/tabst.css\"; @import \"webtt\/css\/spiele_next.css\"; @import \"webtt\/css\/spiele_rec.css\"; @import \"webtt\/css\/hallen.css\"; @import \"webtt\/css\/tabelle.css\"; @import \"webtt\/css\/spielerliste.css\"; @import \"webtt\/css\/pokal.css\"; @import \"webtt\/css\/pokal_verein.css\"; @import \"webtt\/css\/cal_verein.css\";<br \/><\/style>\n<p><strong>Kastelbergschule Gymnastikraum &#8222;Hasenstall&#8220;<\/strong><br \/>\nMozartstra\u00dfe 2b<\/p>\n<p>Eingang siehe rotes Kreuz, Au\u00dfentreppe nach unten<br \/>\n<a href=\"https:\/\/sv-waldkirch-tischtennis.de\/?attachment_id=3049\" rel=\"attachment wp-att-3049\"><img loading=\"lazy\" decoding=\"async\" class=\"alignnone size-full wp-image-3049\" src=\"https:\/\/sv-waldkirch-tischtennis.de\/wp-content\/uploads\/2018\/08\/Lageplan-Kastelbergschule.jpg\" alt=\"\" width=\"1245\" height=\"1052\" srcset=\"https:\/\/sv-waldkirch-tischtennis.de\/wp-content\/uploads\/2018\/08\/Lageplan-Kastelbergschule.jpg 1245w, https:\/\/sv-waldkirch-tischtennis.de\/wp-content\/uploads\/2018\/08\/Lageplan-Kastelbergschule-300x253.jpg 300w, https:\/\/sv-waldkirch-tischtennis.de\/wp-content\/uploads\/2018\/08\/Lageplan-Kastelbergschule-768x649.jpg 768w, https:\/\/sv-waldkirch-tischtennis.de\/wp-content\/uploads\/2018\/08\/Lageplan-Kastelbergschule-1024x865.jpg 1024w, https:\/\/sv-waldkirch-tischtennis.de\/wp-content\/uploads\/2018\/08\/Lageplan-Kastelbergschule-355x300.jpg 355w\" sizes=\"auto, (max-width: 1245px) 100vw, 1245px\" \/><\/a><\/p>\n<p><strong>Kastelberghalle<\/strong><br \/>\nFreiburgerstra\u00dfe 16<\/p>\n<p><strong>Parken Kastelberghalle:<\/strong><br \/>\nIn der Freiburger Stra\u00dfe gibt es im Bereich der Kastelberghalle leider keine Parkm\u00f6glichkeit.<br \/>\nEs wird empfohlen in der Mozartstra\u00dfe nahe der Kastelbergschule zu parken und von dort den kleinen Fu\u00dfweg (ca. 200-300m) zur Kastelberghalle zu nehmen.<\/p>\n<p><a href=\"http:\/\/sv-waldkirch-tischtennis.de\/?attachment_id=2696\" rel=\"attachment wp-att-2696\"><img loading=\"lazy\" decoding=\"async\" class=\"alignnone size-full wp-image-2696\" src=\"http:\/\/sv-waldkirch-tischtennis.de\/wp-content\/uploads\/2018\/05\/Weg-zur-Kastelberghalle.jpg\" alt=\"\" width=\"1067\" height=\"1035\" srcset=\"https:\/\/sv-waldkirch-tischtennis.de\/wp-content\/uploads\/2018\/05\/Weg-zur-Kastelberghalle.jpg 1067w, https:\/\/sv-waldkirch-tischtennis.de\/wp-content\/uploads\/2018\/05\/Weg-zur-Kastelberghalle-300x291.jpg 300w, https:\/\/sv-waldkirch-tischtennis.de\/wp-content\/uploads\/2018\/05\/Weg-zur-Kastelberghalle-768x745.jpg 768w, https:\/\/sv-waldkirch-tischtennis.de\/wp-content\/uploads\/2018\/05\/Weg-zur-Kastelberghalle-1024x993.jpg 1024w, https:\/\/sv-waldkirch-tischtennis.de\/wp-content\/uploads\/2018\/05\/Weg-zur-Kastelberghalle-309x300.jpg 309w\" sizes=\"auto, (max-width: 1067px) 100vw, 1067px\" \/><\/a><\/p>\n","protected":false},"excerpt":{"rendered":"<p>Kastelbergschule Gymnastikraum &#8222;Hasenstall&#8220; Mozartstra\u00dfe 2b Eingang siehe rotes Kreuz, Au\u00dfentreppe nach unten Kastelberghalle Freiburgerstra\u00dfe 16 Parken Kastelberghalle: In der Freiburger Stra\u00dfe gibt es im Bereich der Kastelberghalle leider keine Parkm\u00f6glichkeit. Es wird empfohlen in der Mozartstra\u00dfe nahe der Kastelbergschule zu &hellip; <a href=\"https:\/\/sv-waldkirch-tischtennis.de\/?page_id=1371\">Weiterlesen <span class=\"meta-nav\">&rarr;<\/span><\/a><\/p>\n","protected":false},"author":1,"featured_media":0,"parent":14,"menu_order":5,"comment_status":"closed","ping_status":"closed","template":"","meta":{"footnotes":""},"class_list":["post-1371","page","type-page","status-publish","hentry"],"_links":{"self":[{"href":"https:\/\/sv-waldkirch-tischtennis.de\/index.php?rest_route=\/wp\/v2\/pages\/1371","targetHints":{"allow":["GET"]}}],"collection":[{"href":"https:\/\/sv-waldkirch-tischtennis.de\/index.php?rest_route=\/wp\/v2\/pages"}],"about":[{"href":"https:\/\/sv-waldkirch-tischtennis.de\/index.php?rest_route=\/wp\/v2\/types\/page"}],"author":[{"embeddable":true,"href":"https:\/\/sv-waldkirch-tischtennis.de\/index.php?rest_route=\/wp\/v2\/users\/1"}],"replies":[{"embeddable":true,"href":"https:\/\/sv-waldkirch-tischtennis.de\/index.php?rest_route=%2Fwp%2Fv2%2Fcomments&post=1371"}],"version-history":[{"count":10,"href":"https:\/\/sv-waldkirch-tischtennis.de\/index.php?rest_route=\/wp\/v2\/pages\/1371\/revisions"}],"predecessor-version":[{"id":3050,"href":"https:\/\/sv-waldkirch-tischtennis.de\/index.php?rest_route=\/wp\/v2\/pages\/1371\/revisions\/3050"}],"up":[{"embeddable":true,"href":"https:\/\/sv-waldkirch-tischtennis.de\/index.php?rest_route=\/wp\/v2\/pages\/14"}],"wp:attachment":[{"href":"https:\/\/sv-waldkirch-tischtennis.de\/index.php?rest_route=%2Fwp%2Fv2%2Fmedia&parent=1371"}],"curies":[{"name":"wp","href":"https:\/\/api.w.org\/{rel}","templated":true}]}}