{"id":1180,"date":"2014-05-24T11:30:33","date_gmt":"2014-05-24T09:30:33","guid":{"rendered":"http:\/\/sv-waldkirch-tischtennis.de\/?page_id=1180"},"modified":"2024-10-13T10:55:16","modified_gmt":"2024-10-13T08:55:16","slug":"hobby-spieler","status":"publish","type":"page","link":"https:\/\/sv-waldkirch-tischtennis.de\/?page_id=1180","title":{"rendered":"Hobby-Spieler und Anf\u00e4nger"},"content":{"rendered":"<p>Interessierte Erwachsenen-Anf\u00e4nger oder Hobby- und Freizeit-Spieler sind bei uns herzlich willkommen.<\/p>\n<p>Aufgrund unserer Abteilungsgr\u00f6\u00dfe haben wir jedoch leider keine M\u00f6glichkeit eine Betreuung zu stellen. Interessierte Spieler k\u00f6nnen sich aber bei uns melden.<\/p>\n<p>Es ist empfohlen, einen Spielpartner mitzubringen bzw. zu einem Schnuppertraining am Donnerstag Abend um 19:30 Uhr in der Kastelberghalle vorbeizukommen. Dann k\u00f6nnen wir Details austauschen. Bitte einfach vorab Bescheid geben und einen Termin abmachen: <a href=\"https:\/\/sv-waldkirch-tischtennis.de\/?page_id=16\">Kontakt<\/a><\/p>\n","protected":false},"excerpt":{"rendered":"<p>Interessierte Erwachsenen-Anf\u00e4nger oder Hobby- und Freizeit-Spieler sind bei uns herzlich willkommen. Aufgrund unserer Abteilungsgr\u00f6\u00dfe haben wir jedoch leider keine M\u00f6glichkeit eine Betreuung zu stellen. Interessierte Spieler k\u00f6nnen sich aber bei uns melden. Es ist empfohlen, einen Spielpartner mitzubringen bzw. zu &hellip; <a href=\"https:\/\/sv-waldkirch-tischtennis.de\/?page_id=1180\">Weiterlesen <span class=\"meta-nav\">&rarr;<\/span><\/a><\/p>\n","protected":false},"author":1,"featured_media":0,"parent":14,"menu_order":4,"comment_status":"closed","ping_status":"closed","template":"","meta":{"footnotes":""},"class_list":["post-1180","page","type-page","status-publish","hentry"],"_links":{"self":[{"href":"https:\/\/sv-waldkirch-tischtennis.de\/index.php?rest_route=\/wp\/v2\/pages\/1180","targetHints":{"allow":["GET"]}}],"collection":[{"href":"https:\/\/sv-waldkirch-tischtennis.de\/index.php?rest_route=\/wp\/v2\/pages"}],"about":[{"href":"https:\/\/sv-waldkirch-tischtennis.de\/index.php?rest_route=\/wp\/v2\/types\/page"}],"author":[{"embeddable":true,"href":"https:\/\/sv-waldkirch-tischtennis.de\/index.php?rest_route=\/wp\/v2\/users\/1"}],"replies":[{"embeddable":true,"href":"https:\/\/sv-waldkirch-tischtennis.de\/index.php?rest_route=%2Fwp%2Fv2%2Fcomments&post=1180"}],"version-history":[{"count":7,"href":"https:\/\/sv-waldkirch-tischtennis.de\/index.php?rest_route=\/wp\/v2\/pages\/1180\/revisions"}],"predecessor-version":[{"id":6152,"href":"https:\/\/sv-waldkirch-tischtennis.de\/index.php?rest_route=\/wp\/v2\/pages\/1180\/revisions\/6152"}],"up":[{"embeddable":true,"href":"https:\/\/sv-waldkirch-tischtennis.de\/index.php?rest_route=\/wp\/v2\/pages\/14"}],"wp:attachment":[{"href":"https:\/\/sv-waldkirch-tischtennis.de\/index.php?rest_route=%2Fwp%2Fv2%2Fmedia&parent=1180"}],"curies":[{"name":"wp","href":"https:\/\/api.w.org\/{rel}","templated":true}]}}