{"id":1151,"date":"2014-05-11T07:27:56","date_gmt":"2014-05-11T05:27:56","guid":{"rendered":"http:\/\/sv-waldkirch-tischtennis.de\/?page_id=1151"},"modified":"2017-07-23T13:19:58","modified_gmt":"2017-07-23T11:19:58","slug":"einzel-vereinsmeisterschaften-2014","status":"publish","type":"page","link":"https:\/\/sv-waldkirch-tischtennis.de\/?page_id=1151","title":{"rendered":"Einzel-Vereinsmeisterschaften 2014"},"content":{"rendered":"<p>Am 10. Mai fanden die diesj\u00e4hrigen Einzel-Vereinsmeisterschaften in der Kastelberghalle statt.<\/p>\n<p>Allen Spielern ein Dankesch\u00f6n f\u00fcr die Teilnahme sowie ein Gl\u00fcckwunsch an die Vereinsmeister und Platzierten!<\/p>\n<p><strong>Herren<\/strong><\/p>\n<p>Vereinsmeister :\u00a0<strong>Michael Linde<\/strong><br \/>\n2. Platz : Timo Krocker<br \/>\n3. Platz : Tobias Huber<\/p>\n<p>Weitere Platzierungen :<br \/>\n4. Platz : Kevin Hauck<br \/>\n5. Platz : Falk Weitkamp, Jorin Krocker, Matthias Friedrich, Tobias Rodenstein<br \/>\n9. &#8211; 13. Platz : Maximilian Ruf, Ralf Oesterle, Thomas Ziegler, Lars Linde, Ralf Schleer-Bilian<\/p>\n<p><a href=\"http:\/\/sv-waldkirch-tischtennis.de\/wp-content\/uploads\/2014\/05\/DSC_0232_bearbeitet-1-1.jpg\"><img loading=\"lazy\" decoding=\"async\" class=\"alignleft wp-image-1163 size-full\" src=\"http:\/\/sv-waldkirch-tischtennis.de\/wp-content\/uploads\/2014\/05\/DSC_0232_bearbeitet-1-1.jpg\" alt=\"DSC_0232_bearbeitet-1-1\" width=\"995\" height=\"768\" srcset=\"https:\/\/sv-waldkirch-tischtennis.de\/wp-content\/uploads\/2014\/05\/DSC_0232_bearbeitet-1-1.jpg 995w, https:\/\/sv-waldkirch-tischtennis.de\/wp-content\/uploads\/2014\/05\/DSC_0232_bearbeitet-1-1-300x231.jpg 300w, https:\/\/sv-waldkirch-tischtennis.de\/wp-content\/uploads\/2014\/05\/DSC_0232_bearbeitet-1-1-388x300.jpg 388w\" sizes=\"auto, (max-width: 995px) 100vw, 995px\" \/><\/a><\/p>\n<p>v.l.n.r. : Timo Krocker (2. Platz), Christoph Winterhalter, Thomas Jahn, Michael Linde (Vereinsmeister)<\/p>\n<p>&nbsp;<\/p>\n<p><strong>Jungen<\/strong><\/p>\n<p>Vereinsmeister :\u00a0<strong>Julian Meinke<\/strong><br \/>\n2. Platz : Felix Ruf<br \/>\n3. Platz : Andres Fernandez<\/p>\n<p>Weitere Platzierungen :<br \/>\n4. &#8211; 8. Platz : Manuel Oesterle, Tobias Oesterle, Nico Uhl, Marcel Laudenberg, Sebastian Friedrich<\/p>\n<p><a href=\"http:\/\/sv-waldkirch-tischtennis.de\/wp-content\/uploads\/2014\/05\/DSC_0220_bearbeitet-1-1.jpg\"><img loading=\"lazy\" decoding=\"async\" class=\"alignleft wp-image-1167 size-full\" src=\"http:\/\/sv-waldkirch-tischtennis.de\/wp-content\/uploads\/2014\/05\/DSC_0220_bearbeitet-1-1.jpg\" alt=\"DSC_0220_bearbeitet-1-1\" width=\"875\" height=\"768\" srcset=\"https:\/\/sv-waldkirch-tischtennis.de\/wp-content\/uploads\/2014\/05\/DSC_0220_bearbeitet-1-1.jpg 875w, https:\/\/sv-waldkirch-tischtennis.de\/wp-content\/uploads\/2014\/05\/DSC_0220_bearbeitet-1-1-300x263.jpg 300w, https:\/\/sv-waldkirch-tischtennis.de\/wp-content\/uploads\/2014\/05\/DSC_0220_bearbeitet-1-1-341x300.jpg 341w\" sizes=\"auto, (max-width: 875px) 100vw, 875px\" \/><\/a><\/p>\n<p>v.l.n.r. : Christoph Winterhalter, Andres Fernandez (3. Platz), Julian Meinke (Vereinsmeister), Felix Ruf (2. Platz), Thomas Jahn<\/p>\n<p>&nbsp;<\/p>\n<p><strong>Sch\u00fclerInnen<\/strong><\/p>\n<p>Vereinsmeister : <strong>Maren Blattmann<br \/>\n<\/strong>2. Platz : Annika Jahn<br \/>\n3. Platz : Julian Schur<br \/>\n4. Platz : Ole Eichmeier<\/p>\n<p><a href=\"http:\/\/sv-waldkirch-tischtennis.de\/wp-content\/uploads\/2014\/05\/DSC_0211_bearbeitet-1-1.jpg\"><img loading=\"lazy\" decoding=\"async\" class=\"alignleft wp-image-1169 size-full\" src=\"http:\/\/sv-waldkirch-tischtennis.de\/wp-content\/uploads\/2014\/05\/DSC_0211_bearbeitet-1-1.jpg\" alt=\"DSC_0211_bearbeitet-1-1\" width=\"874\" height=\"768\" srcset=\"https:\/\/sv-waldkirch-tischtennis.de\/wp-content\/uploads\/2014\/05\/DSC_0211_bearbeitet-1-1.jpg 874w, https:\/\/sv-waldkirch-tischtennis.de\/wp-content\/uploads\/2014\/05\/DSC_0211_bearbeitet-1-1-300x263.jpg 300w, https:\/\/sv-waldkirch-tischtennis.de\/wp-content\/uploads\/2014\/05\/DSC_0211_bearbeitet-1-1-341x300.jpg 341w\" sizes=\"auto, (max-width: 874px) 100vw, 874px\" \/><\/a><\/p>\n<p>v.l.n.r. : Christoph Winterhalter, Julian Schur (3. Platz), Annika Jahn (2. Platz), Maren Blattmann (Vereinsmeister), Thomas Jahn<\/p>\n<p><a href=\"http:\/\/sv-waldkirch-tischtennis.de\/wp-content\/uploads\/2014\/06\/14-10-05_0673.jpg\"><img decoding=\"async\" src=\"http:\/\/sv-waldkirch-tischtennis.de\/wp-content\/uploads\/2014\/06\/14-10-05_0673.jpg\" alt=\"14 10 05_0673\" class=\"alignnone size-thumbnail wp-image-1220\" \/><\/a><\/p>\n<p><a href=\"http:\/\/sv-waldkirch-tischtennis.de\/wp-content\/uploads\/2014\/06\/14-10-05_0672.jpg\"><img decoding=\"async\" src=\"http:\/\/sv-waldkirch-tischtennis.de\/wp-content\/uploads\/2014\/06\/14-10-05_0672.jpg\" alt=\"14 10 05_0672\" class=\"alignnone size-thumbnail wp-image-1219\" \/><\/a><\/p>\n<p><a href=\"http:\/\/sv-waldkirch-tischtennis.de\/wp-content\/uploads\/2014\/06\/14-10-05_0671.jpg\"><img decoding=\"async\" src=\"http:\/\/sv-waldkirch-tischtennis.de\/wp-content\/uploads\/2014\/06\/14-10-05_0671.jpg\" alt=\"14 10 05_0671\" class=\"alignnone size-thumbnail wp-image-1218\" \/><\/a><\/p>\n<p><a href=\"http:\/\/sv-waldkirch-tischtennis.de\/wp-content\/uploads\/2014\/06\/14-10-05_0670.jpg\"><img decoding=\"async\" src=\"http:\/\/sv-waldkirch-tischtennis.de\/wp-content\/uploads\/2014\/06\/14-10-05_0670.jpg\" alt=\"14 10 05_0670\" class=\"alignnone size-thumbnail wp-image-1217\" \/><\/a><\/p>\n<p><a href=\"http:\/\/sv-waldkirch-tischtennis.de\/wp-content\/uploads\/2014\/06\/14-10-05_0669.jpg\"><img decoding=\"async\" src=\"http:\/\/sv-waldkirch-tischtennis.de\/wp-content\/uploads\/2014\/06\/14-10-05_0669.jpg\" alt=\"14 10 05_0669\" class=\"alignnone size-thumbnail wp-image-1216\" \/><\/a><\/p>\n<p><a href=\"http:\/\/sv-waldkirch-tischtennis.de\/wp-content\/uploads\/2014\/06\/14-10-05_0668.jpg\"><img decoding=\"async\" src=\"http:\/\/sv-waldkirch-tischtennis.de\/wp-content\/uploads\/2014\/06\/14-10-05_0668.jpg\" alt=\"14 10 05_0668\" class=\"alignnone size-thumbnail wp-image-1215\" \/><\/a><\/p>\n<p><a href=\"http:\/\/sv-waldkirch-tischtennis.de\/wp-content\/uploads\/2014\/06\/14-10-05_0667.jpg\"><img decoding=\"async\" src=\"http:\/\/sv-waldkirch-tischtennis.de\/wp-content\/uploads\/2014\/06\/14-10-05_0667.jpg\" alt=\"14 10 05_0667\" class=\"alignnone size-thumbnail wp-image-1214\" \/><\/a><\/p>\n<p><a href=\"http:\/\/sv-waldkirch-tischtennis.de\/wp-content\/uploads\/2014\/06\/14-10-05_0666.jpg\"><img decoding=\"async\" src=\"http:\/\/sv-waldkirch-tischtennis.de\/wp-content\/uploads\/2014\/06\/14-10-05_0666.jpg\" alt=\"14 10 05_0666\" class=\"alignnone size-thumbnail wp-image-1213\" \/><\/a><\/p>\n<p><a href=\"http:\/\/sv-waldkirch-tischtennis.de\/wp-content\/uploads\/2014\/06\/14-10-05_0665.jpg\"><img decoding=\"async\" src=\"http:\/\/sv-waldkirch-tischtennis.de\/wp-content\/uploads\/2014\/06\/14-10-05_0665.jpg\" alt=\"14 10 05_0665\" class=\"alignnone size-thumbnail wp-image-1212\" \/><\/a><\/p>\n<p><a href=\"http:\/\/sv-waldkirch-tischtennis.de\/wp-content\/uploads\/2014\/06\/14-10-05_0664.jpg\"><img decoding=\"async\" src=\"http:\/\/sv-waldkirch-tischtennis.de\/wp-content\/uploads\/2014\/06\/14-10-05_0664.jpg\" alt=\"14 10 05_0664\" class=\"alignnone size-thumbnail wp-image-1211\" \/><\/a><\/p>\n<p><a href=\"http:\/\/sv-waldkirch-tischtennis.de\/wp-content\/uploads\/2014\/06\/14-10-05_0663.jpg\"><img decoding=\"async\" src=\"http:\/\/sv-waldkirch-tischtennis.de\/wp-content\/uploads\/2014\/06\/14-10-05_0663.jpg\" alt=\"14 10 05_0663\" class=\"alignnone size-thumbnail wp-image-1210\" \/><\/a><\/p>\n<p><a href=\"http:\/\/sv-waldkirch-tischtennis.de\/wp-content\/uploads\/2014\/06\/14-10-05_0662.jpg\"><img decoding=\"async\" src=\"http:\/\/sv-waldkirch-tischtennis.de\/wp-content\/uploads\/2014\/06\/14-10-05_0662.jpg\" alt=\"14 10 05_0662\" class=\"alignnone size-thumbnail wp-image-1209\" \/><\/a><\/p>\n<p><a href=\"http:\/\/sv-waldkirch-tischtennis.de\/wp-content\/uploads\/2014\/06\/14-10-05_0661.jpg\"><img decoding=\"async\" src=\"http:\/\/sv-waldkirch-tischtennis.de\/wp-content\/uploads\/2014\/06\/14-10-05_0661.jpg\" alt=\"14 10 05_0661\" class=\"alignnone size-thumbnail wp-image-1208\" \/><\/a><\/p>\n<p><a href=\"http:\/\/sv-waldkirch-tischtennis.de\/wp-content\/uploads\/2014\/06\/14-10-05_0660.jpg\"><img decoding=\"async\" src=\"http:\/\/sv-waldkirch-tischtennis.de\/wp-content\/uploads\/2014\/06\/14-10-05_0660.jpg\" alt=\"14 10 05_0660\" class=\"alignnone size-thumbnail wp-image-1207\" \/><\/a><\/p>\n<p><a href=\"http:\/\/sv-waldkirch-tischtennis.de\/wp-content\/uploads\/2014\/06\/14-10-05_0659.jpg\"><img decoding=\"async\" src=\"http:\/\/sv-waldkirch-tischtennis.de\/wp-content\/uploads\/2014\/06\/14-10-05_0659.jpg\" alt=\"14 10 05_0659\" class=\"alignnone size-thumbnail wp-image-1206\" \/><\/a><\/p>\n<p><a href=\"http:\/\/sv-waldkirch-tischtennis.de\/wp-content\/uploads\/2014\/06\/14-10-05_0658.jpg\"><img decoding=\"async\" src=\"http:\/\/sv-waldkirch-tischtennis.de\/wp-content\/uploads\/2014\/06\/14-10-05_0658.jpg\" alt=\"14 10 05_0658\" class=\"alignnone size-thumbnail wp-image-1205\" \/><\/a><\/p>\n<p><a href=\"http:\/\/sv-waldkirch-tischtennis.de\/wp-content\/uploads\/2014\/06\/14-10-05_0657.jpg\"><img decoding=\"async\" src=\"http:\/\/sv-waldkirch-tischtennis.de\/wp-content\/uploads\/2014\/06\/14-10-05_0657.jpg\" alt=\"14 10 05_0657\" class=\"alignnone size-thumbnail wp-image-1204\" \/><\/a><\/p>\n<p><a href=\"http:\/\/sv-waldkirch-tischtennis.de\/wp-content\/uploads\/2014\/06\/14-10-05_0656.jpg\"><img decoding=\"async\" src=\"http:\/\/sv-waldkirch-tischtennis.de\/wp-content\/uploads\/2014\/06\/14-10-05_0656.jpg\" alt=\"14 10 05_0656\" class=\"alignnone size-thumbnail wp-image-1203\" \/><\/a><\/p>\n<p><a href=\"http:\/\/sv-waldkirch-tischtennis.de\/wp-content\/uploads\/2014\/06\/14-10-05_0655.jpg\"><img decoding=\"async\" src=\"http:\/\/sv-waldkirch-tischtennis.de\/wp-content\/uploads\/2014\/06\/14-10-05_0655.jpg\" alt=\"14 10 05_0655\" class=\"alignnone size-thumbnail wp-image-1202\" \/><\/a><\/p>\n<p><a href=\"http:\/\/sv-waldkirch-tischtennis.de\/wp-content\/uploads\/2014\/06\/14-10-05_0654.jpg\"><img decoding=\"async\" src=\"http:\/\/sv-waldkirch-tischtennis.de\/wp-content\/uploads\/2014\/06\/14-10-05_0654.jpg\" alt=\"14 10 05_0654\" class=\"alignnone size-thumbnail wp-image-1201\" \/><\/a><\/p>\n<p><a href=\"http:\/\/sv-waldkirch-tischtennis.de\/wp-content\/uploads\/2014\/06\/14-10-05_0653.jpg\"><img decoding=\"async\" src=\"http:\/\/sv-waldkirch-tischtennis.de\/wp-content\/uploads\/2014\/06\/14-10-05_0653.jpg\" alt=\"14 10 05_0653\" class=\"alignnone size-thumbnail wp-image-1200\" \/><\/a><\/p>\n<p><a href=\"http:\/\/sv-waldkirch-tischtennis.de\/wp-content\/uploads\/2014\/06\/14-10-05_0652.jpg\"><img decoding=\"async\" src=\"http:\/\/sv-waldkirch-tischtennis.de\/wp-content\/uploads\/2014\/06\/14-10-05_0652.jpg\" alt=\"14 10 05_0652\" class=\"alignnone size-thumbnail wp-image-1199\" \/><\/a><\/p>\n<p><a href=\"http:\/\/sv-waldkirch-tischtennis.de\/wp-content\/uploads\/2014\/06\/14-10-05_0651.jpg\"><img decoding=\"async\" src=\"http:\/\/sv-waldkirch-tischtennis.de\/wp-content\/uploads\/2014\/06\/14-10-05_0651.jpg\" alt=\"14 10 05_0651\" class=\"alignnone size-thumbnail wp-image-1198\" \/><\/a><\/p>\n<p><a href=\"http:\/\/sv-waldkirch-tischtennis.de\/wp-content\/uploads\/2014\/06\/14-10-05_0650.jpg\"><img decoding=\"async\" src=\"http:\/\/sv-waldkirch-tischtennis.de\/wp-content\/uploads\/2014\/06\/14-10-05_0650.jpg\" alt=\"14 10 05_0650\" class=\"alignnone size-thumbnail wp-image-1197\" \/><\/a><\/p>\n<p><a href=\"http:\/\/sv-waldkirch-tischtennis.de\/wp-content\/uploads\/2014\/06\/14-10-05_0649.jpg\"><img decoding=\"async\" src=\"http:\/\/sv-waldkirch-tischtennis.de\/wp-content\/uploads\/2014\/06\/14-10-05_0649.jpg\" alt=\"14 10 05_0649\" class=\"alignnone size-thumbnail wp-image-1196\" \/><\/a><\/p>\n<p><a href=\"http:\/\/sv-waldkirch-tischtennis.de\/wp-content\/uploads\/2014\/06\/14-10-05_0648.jpg\"><img decoding=\"async\" src=\"http:\/\/sv-waldkirch-tischtennis.de\/wp-content\/uploads\/2014\/06\/14-10-05_0648.jpg\" alt=\"14 10 05_0648\" class=\"alignnone size-thumbnail wp-image-1195\" \/><\/a><\/p>\n<p><a href=\"http:\/\/sv-waldkirch-tischtennis.de\/wp-content\/uploads\/2014\/06\/14-10-05_0644.jpg\"><img decoding=\"async\" src=\"http:\/\/sv-waldkirch-tischtennis.de\/wp-content\/uploads\/2014\/06\/14-10-05_0644.jpg\" alt=\"14 10 05_0644\" class=\"alignnone size-thumbnail wp-image-1192\" \/><\/a><\/p>\n<p><a href=\"http:\/\/sv-waldkirch-tischtennis.de\/wp-content\/uploads\/2014\/06\/14-10-05_0643.jpg\"><img decoding=\"async\" src=\"http:\/\/sv-waldkirch-tischtennis.de\/wp-content\/uploads\/2014\/06\/14-10-05_0643.jpg\" alt=\"14 10 05_0643\" class=\"alignnone size-thumbnail wp-image-1191\" \/><\/a><\/p>\n<p><a href=\"http:\/\/sv-waldkirch-tischtennis.de\/wp-content\/uploads\/2014\/06\/14-10-05_0642.jpg\"><img decoding=\"async\" src=\"http:\/\/sv-waldkirch-tischtennis.de\/wp-content\/uploads\/2014\/06\/14-10-05_0642.jpg\" alt=\"14 10 05_0642\" class=\"alignnone size-thumbnail wp-image-1190\" \/><\/a><\/p>\n<p><a href=\"http:\/\/sv-waldkirch-tischtennis.de\/wp-content\/uploads\/2014\/06\/14-10-05_0641.jpg\"><img decoding=\"async\" src=\"http:\/\/sv-waldkirch-tischtennis.de\/wp-content\/uploads\/2014\/06\/14-10-05_0641.jpg\" alt=\"14 10 05_0641\" class=\"alignnone size-thumbnail wp-image-1189\" \/><\/a><\/p>\n<p><a href=\"http:\/\/sv-waldkirch-tischtennis.de\/wp-content\/uploads\/2014\/06\/14-10-05_0640.jpg\"><img decoding=\"async\" src=\"http:\/\/sv-waldkirch-tischtennis.de\/wp-content\/uploads\/2014\/06\/14-10-05_0640.jpg\" alt=\"14 10 05_0640\" class=\"alignnone size-thumbnail wp-image-1188\" \/><\/a><\/p>\n<p><a href=\"http:\/\/sv-waldkirch-tischtennis.de\/wp-content\/uploads\/2014\/05\/14-10-05_0646.jpg\"><img decoding=\"async\" src=\"http:\/\/sv-waldkirch-tischtennis.de\/wp-content\/uploads\/2014\/05\/14-10-05_0646.jpg\" alt=\"14 10 05_0646\" class=\"alignnone size-thumbnail wp-image-1224\" \/><\/a><\/p>\n","protected":false},"excerpt":{"rendered":"<p>Am 10. Mai fanden die diesj\u00e4hrigen Einzel-Vereinsmeisterschaften in der Kastelberghalle statt. Allen Spielern ein Dankesch\u00f6n f\u00fcr die Teilnahme sowie ein Gl\u00fcckwunsch an die Vereinsmeister und Platzierten! Herren Vereinsmeister :\u00a0Michael Linde 2. Platz : Timo Krocker 3. Platz : Tobias Huber &hellip; <a href=\"https:\/\/sv-waldkirch-tischtennis.de\/?page_id=1151\">Weiterlesen <span class=\"meta-nav\">&rarr;<\/span><\/a><\/p>\n","protected":false},"author":1,"featured_media":0,"parent":174,"menu_order":48,"comment_status":"closed","ping_status":"closed","template":"","meta":{"footnotes":""},"class_list":["post-1151","page","type-page","status-publish","hentry"],"_links":{"self":[{"href":"https:\/\/sv-waldkirch-tischtennis.de\/index.php?rest_route=\/wp\/v2\/pages\/1151","targetHints":{"allow":["GET"]}}],"collection":[{"href":"https:\/\/sv-waldkirch-tischtennis.de\/index.php?rest_route=\/wp\/v2\/pages"}],"about":[{"href":"https:\/\/sv-waldkirch-tischtennis.de\/index.php?rest_route=\/wp\/v2\/types\/page"}],"author":[{"embeddable":true,"href":"https:\/\/sv-waldkirch-tischtennis.de\/index.php?rest_route=\/wp\/v2\/users\/1"}],"replies":[{"embeddable":true,"href":"https:\/\/sv-waldkirch-tischtennis.de\/index.php?rest_route=%2Fwp%2Fv2%2Fcomments&post=1151"}],"version-history":[{"count":18,"href":"https:\/\/sv-waldkirch-tischtennis.de\/index.php?rest_route=\/wp\/v2\/pages\/1151\/revisions"}],"predecessor-version":[{"id":1232,"href":"https:\/\/sv-waldkirch-tischtennis.de\/index.php?rest_route=\/wp\/v2\/pages\/1151\/revisions\/1232"}],"up":[{"embeddable":true,"href":"https:\/\/sv-waldkirch-tischtennis.de\/index.php?rest_route=\/wp\/v2\/pages\/174"}],"wp:attachment":[{"href":"https:\/\/sv-waldkirch-tischtennis.de\/index.php?rest_route=%2Fwp%2Fv2%2Fmedia&parent=1151"}],"curies":[{"name":"wp","href":"https:\/\/api.w.org\/{rel}","templated":true}]}}